{"id":1281,"date":"2018-07-18T06:35:08","date_gmt":"2018-07-18T06:35:08","guid":{"rendered":"http:\/\/luft-und-klimatechnik.lacuna-air.de\/?post_type=product&#038;p=1281"},"modified":"2018-07-18T06:40:04","modified_gmt":"2018-07-18T06:40:04","slug":"30-konische-abzweigrohre","status":"publish","type":"product","link":"https:\/\/www.lacuna-air.de\/?product=30-konische-abzweigrohre","title":{"rendered":"30\u00b0  konische Abzweigrohre"},"content":{"rendered":"<p style=\"text-align: right;\"><a href=\"http:\/\/luft-und-klimatechnik.lacuna-air.de\/wp-content\/uploads\/2018\/07\/30_ABZWEIGROHRE_KONISH.pdf\" target=\"_blanc\"><img loading=\"lazy\" class=\"size-full wp-image-1192 alignright\" src=\"http:\/\/luft-und-klimatechnik.lacuna-air.de\/wp-content\/uploads\/2018\/07\/dokumentation.jpg\" alt=\"\" width=\"79\" height=\"100\" \/><strong>Produktdatenblatt<\/strong><\/a><\/p>\n<p>&nbsp;<\/p>\n<p>&nbsp;<\/p>\n<p>&nbsp;<\/p>\n","protected":false},"excerpt":{"rendered":"<p>30\u00b0 konische Abzweigrohre<\/p>\n<ul>\n<li>Verzinkt<\/li>\n<li>Durchmesser: \u00f8100 \u2013 \u00f81000 mm<\/li>\n<li>0,90 mm Blech<\/li>\n<\/ul>\n<p>Wenn das Abzweigrohr mit Losflanschen (f.b.m.fl.), Schnellverschluss-Spannringe (f.lyn) oder breite Spannringe (f.bb) geliefert wird, wird L1 um 2 x 50 mm verl\u00e4ngert.<\/p>\n<p>Das A-, B- und C-Ma\u00df des Abzweigrohres wird bei Bestellung angegeben. A, B und C lassen sich nach Ihren W\u00fcnschen kombinieren, der Abzweig B bestimmt aber die L\u00e4nge L1, wie in der Tabelle angegeben.<\/p>\n<p>Der maximale Durchmesser-Konus zwischen A und C betr\u00e4gt 200 mm. B darf nicht gr\u00f6\u00dfer als oder gleich (A+C)\/2 sein.<\/p>\n<p>Bei doppelten Abzweigrohren bestimmt der gr\u00f6\u00dfte Abzweig die L\u00e4nge L1.<\/p>\n","protected":false},"featured_media":1283,"template":"","meta":[],"product_cat":[55,58],"product_tag":[],"_links":{"self":[{"href":"https:\/\/www.lacuna-air.de\/index.php?rest_route=\/wp\/v2\/product\/1281"}],"collection":[{"href":"https:\/\/www.lacuna-air.de\/index.php?rest_route=\/wp\/v2\/product"}],"about":[{"href":"https:\/\/www.lacuna-air.de\/index.php?rest_route=\/wp\/v2\/types\/product"}],"wp:featuredmedia":[{"embeddable":true,"href":"https:\/\/www.lacuna-air.de\/index.php?rest_route=\/wp\/v2\/media\/1283"}],"wp:attachment":[{"href":"https:\/\/www.lacuna-air.de\/index.php?rest_route=%2Fwp%2Fv2%2Fmedia&parent=1281"}],"wp:term":[{"taxonomy":"product_cat","embeddable":true,"href":"https:\/\/www.lacuna-air.de\/index.php?rest_route=%2Fwp%2Fv2%2Fproduct_cat&post=1281"},{"taxonomy":"product_tag","embeddable":true,"href":"https:\/\/www.lacuna-air.de\/index.php?rest_route=%2Fwp%2Fv2%2Fproduct_tag&post=1281"}],"curies":[{"name":"wp","href":"https:\/\/api.w.org\/{rel}","templated":true}]}}