{"id":1247,"date":"2018-07-17T19:16:25","date_gmt":"2018-07-17T19:16:25","guid":{"rendered":"http:\/\/luft-und-klimatechnik.lacuna-air.de\/?post_type=product&#038;p=1247"},"modified":"2018-07-17T19:54:25","modified_gmt":"2018-07-17T19:54:25","slug":"lasergeschweisste-laengsgefalzte-rohre","status":"publish","type":"product","link":"https:\/\/www.lacuna-air.de\/?product=lasergeschweisste-laengsgefalzte-rohre","title":{"rendered":"Rohre: lasergeschwei\u00dft, l\u00e4ngsgefalzt"},"content":{"rendered":"<p><a href=\"http:\/\/luft-und-klimatechnik.lacuna-air.de\/wp-content\/uploads\/2018\/07\/LASERGESCHWEISTE_UND_LANGSGEFALTZE_ROHRE.pdf\" target=\"_blanc\"><img loading=\"lazy\" class=\"size-full wp-image-1192 alignright\" src=\"http:\/\/luft-und-klimatechnik.lacuna-air.de\/wp-content\/uploads\/2018\/07\/dokumentation.jpg\" alt=\"\" width=\"79\" height=\"100\" \/><\/a><\/p>\n<p>Die Rohre k\u00f6nnen auch aus 1,25 mm Blech geliefert werden.<br \/>\nSie k\u00f6nnen auf Wunsch in anderen Qualit\u00e4ten und Durchmessern geliefert werden.<\/p>\n","protected":false},"excerpt":{"rendered":"<p>Durchmesser: \u00f880 \u2013 \u00f81000 mm.<br \/>\nLasergeschwei\u00dfte und l\u00e4ngsgefalzte Rohre:<\/p>\n<p><strong>Herstellung:<\/strong><\/p>\n<ul>\n<li>verzinkt<\/li>\n<li>aus 0,75 , 0,90 oder 1,00 mm starkem Material<\/li>\n<\/ul>\n<p>&nbsp;<\/p>\n<p>Rohre mit Durchmessern bis zu \u00f8400 mm :<\/p>\n<ul>\n<li>Lieferung standardm\u00e4\u00dfig lasergeschwei\u00dft; L\u00e4ngen 0,5 m, 1,0 m und 2,0 m<\/li>\n<\/ul>\n<p>&nbsp;<\/p>\n<p>Rohre mit Durchmessern ab \u00f8450 mm:<\/p>\n<ul>\n<li>Lieferung standardm\u00e4\u00dfig l\u00e4ngsgefalzt; Standardl\u00e4ngen: 0,5 m, 1,0 m und 2,0 m<\/li>\n<\/ul>\n","protected":false},"featured_media":1246,"template":"","meta":[],"product_cat":[55,58],"product_tag":[],"_links":{"self":[{"href":"https:\/\/www.lacuna-air.de\/index.php?rest_route=\/wp\/v2\/product\/1247"}],"collection":[{"href":"https:\/\/www.lacuna-air.de\/index.php?rest_route=\/wp\/v2\/product"}],"about":[{"href":"https:\/\/www.lacuna-air.de\/index.php?rest_route=\/wp\/v2\/types\/product"}],"wp:featuredmedia":[{"embeddable":true,"href":"https:\/\/www.lacuna-air.de\/index.php?rest_route=\/wp\/v2\/media\/1246"}],"wp:attachment":[{"href":"https:\/\/www.lacuna-air.de\/index.php?rest_route=%2Fwp%2Fv2%2Fmedia&parent=1247"}],"wp:term":[{"taxonomy":"product_cat","embeddable":true,"href":"https:\/\/www.lacuna-air.de\/index.php?rest_route=%2Fwp%2Fv2%2Fproduct_cat&post=1247"},{"taxonomy":"product_tag","embeddable":true,"href":"https:\/\/www.lacuna-air.de\/index.php?rest_route=%2Fwp%2Fv2%2Fproduct_tag&post=1247"}],"curies":[{"name":"wp","href":"https:\/\/api.w.org\/{rel}","templated":true}]}}