{"id":1237,"date":"2018-07-17T19:00:30","date_gmt":"2018-07-17T19:00:30","guid":{"rendered":"http:\/\/luft-und-klimatechnik.lacuna-air.de\/?post_type=product&#038;p=1237"},"modified":"2018-07-17T22:20:28","modified_gmt":"2018-07-17T22:20:28","slug":"ventilatorentypen-jk-60-90mtdp","status":"publish","type":"product","link":"https:\/\/www.lacuna-air.de\/?product=ventilatorentypen-jk-60-90mtdp","title":{"rendered":"Ventilatorentypen JK-60 &#8211; 90MTDP"},"content":{"rendered":"<p style=\"text-align: right;\"><a href=\"http:\/\/luft-und-klimatechnik.lacuna-air.de\/wp-content\/uploads\/2018\/07\/VENTILATORTYPEN_JK-60-90MTDP_ALLGEMEIN.pdf\" target=\"_blank\" rel=\"noopener\"><img loading=\"lazy\" class=\"size-full wp-image-1192 alignright\" src=\"http:\/\/luft-und-klimatechnik.lacuna-air.de\/wp-content\/uploads\/2018\/07\/dokumentation.jpg\" alt=\"\" width=\"79\" height=\"100\" \/><strong>Produktdatenblatt Generell<\/strong><\/a><\/p>\n<p><a href=\"http:\/\/luft-und-klimatechnik.lacuna-air.de\/wp-content\/uploads\/2018\/07\/VENTILATORTYP_JK-60MTDP.pdf\" target=\"_blank\" rel=\"noopener\">VENTILATORTYP_JK-60MTDP<\/a><br \/>\n<a href=\"http:\/\/luft-und-klimatechnik.lacuna-air.de\/wp-content\/uploads\/2018\/07\/VENTILATORTYP_JK-70MTDP.pdf\" target=\"_blank\" rel=\"noopener\">VENTILATORTYP_JK-70MTDP<\/a><br \/>\n<a href=\"http:\/\/luft-und-klimatechnik.lacuna-air.de\/wp-content\/uploads\/2018\/07\/VENTILATORTYP_JK-80MTDP.pdf\" target=\"_blank\" rel=\"noopener\">VENTILATORTYP_JK-80MTDP<\/a><br \/>\n<a href=\"http:\/\/luft-und-klimatechnik.lacuna-air.de\/wp-content\/uploads\/2018\/07\/VENTILATORTYP_JK-90MTDP.pdf\" target=\"_blank\" rel=\"noopener\">VENTILATORTYP_JK-90MTDP<\/a><\/p>\n<p>&nbsp;<\/p>\n","protected":false},"excerpt":{"rendered":"<p><strong>Generell<\/strong><\/p>\n<p>Die direkt gekuppelten Zentrifugalventilatoren der Typen JK-60MTDP, JK-70MTDP, JK-80MTDP und JK-90MTDP sind f\u00fcr den Transport von Materialien beispielsweise Holzchips und Staub entwickelt worden.<br \/>\nDer Ventilator hat r\u00fcckw\u00e4rts gerichtete Schaufelbl\u00e4tter und ist mit aerodynamischem Ansaugstutzen aus Messing ausgestattet.<br \/>\nDie Laufr\u00e4der sind statisch und dynamisch nach ISO 10816-3 ausgewuchtet.<\/p>\n<ul>\n<li>Max. Betriebstemperatur: 60 \u00b0C<\/li>\n<\/ul>\n<p>Der Eingang (D) wird standardm\u00e4\u00dfig mit Flansch geliefert.<\/p>\n","protected":false},"featured_media":1238,"template":"","meta":[],"product_cat":[55,59],"product_tag":[],"_links":{"self":[{"href":"https:\/\/www.lacuna-air.de\/index.php?rest_route=\/wp\/v2\/product\/1237"}],"collection":[{"href":"https:\/\/www.lacuna-air.de\/index.php?rest_route=\/wp\/v2\/product"}],"about":[{"href":"https:\/\/www.lacuna-air.de\/index.php?rest_route=\/wp\/v2\/types\/product"}],"wp:featuredmedia":[{"embeddable":true,"href":"https:\/\/www.lacuna-air.de\/index.php?rest_route=\/wp\/v2\/media\/1238"}],"wp:attachment":[{"href":"https:\/\/www.lacuna-air.de\/index.php?rest_route=%2Fwp%2Fv2%2Fmedia&parent=1237"}],"wp:term":[{"taxonomy":"product_cat","embeddable":true,"href":"https:\/\/www.lacuna-air.de\/index.php?rest_route=%2Fwp%2Fv2%2Fproduct_cat&post=1237"},{"taxonomy":"product_tag","embeddable":true,"href":"https:\/\/www.lacuna-air.de\/index.php?rest_route=%2Fwp%2Fv2%2Fproduct_tag&post=1237"}],"curies":[{"name":"wp","href":"https:\/\/api.w.org\/{rel}","templated":true}]}}