{"id":1227,"date":"2018-07-17T18:32:22","date_gmt":"2018-07-17T18:32:22","guid":{"rendered":"http:\/\/luft-und-klimatechnik.lacuna-air.de\/?post_type=product&#038;p=1227"},"modified":"2018-07-17T22:20:49","modified_gmt":"2018-07-17T22:20:49","slug":"ventilatorentypen-jk-30mtdp-jk-40mtdp-jk-50mtdp","status":"publish","type":"product","link":"https:\/\/www.lacuna-air.de\/?product=ventilatorentypen-jk-30mtdp-jk-40mtdp-jk-50mtdp","title":{"rendered":"Ventilatorentypen JK-30 &#8211; 90MTDP"},"content":{"rendered":"<p style=\"text-align: right;\"><a href=\"http:\/\/luft-und-klimatechnik.lacuna-air.de\/wp-content\/uploads\/2018\/07\/VENTILATORTYPEN_JK-30-50MTDP_ALLGEMEIN.pdf\" target=\"_blank\" rel=\"noopener\"><img loading=\"lazy\" class=\"size-full wp-image-1192 alignright\" src=\"http:\/\/luft-und-klimatechnik.lacuna-air.de\/wp-content\/uploads\/2018\/07\/dokumentation.jpg\" alt=\"\" width=\"79\" height=\"100\" \/><\/a><strong><a href=\"http:\/\/luft-und-klimatechnik.lacuna-air.de\/wp-content\/uploads\/2018\/07\/VENTILATORTYPEN_JK-30-75K_ALLGEMEIN.pdf\" target=\"_blank\" rel=\"noopener\">Produktdatenblatt Generell<\/a><\/strong><\/p>\n<p><a href=\"http:\/\/luft-und-klimatechnik.lacuna-air.de\/wp-content\/uploads\/2018\/07\/VENTILATORTYP_JK-30MTDP.pdf\" target=\"_blank\" rel=\"noopener\">VENTILATORTYP_JK-30<br \/>\nMTDP<\/a> <a href=\"http:\/\/luft-und-klimatechnik.lacuna-air.de\/wp-content\/uploads\/2018\/07\/VENTILATORTYP_JK-40MTDP.pdf\" target=\"_blank\" rel=\"noopener\">VENTILATORTYP_JK-40<br \/>\nMTDP<\/a> <a href=\"http:\/\/luft-und-klimatechnik.lacuna-air.de\/wp-content\/uploads\/2018\/07\/VENTILATORTYP_JK-50MTDP.pdf\" target=\"_blank\" rel=\"noopener\">VENTILATORTYP_JK-50<\/a><\/p>\n","protected":false},"excerpt":{"rendered":"<p><strong>Generell<\/strong><\/p>\n<p>Die direkt gekuppelten Zentrifugalventilatoren der Typen JK-30MTDP, JK-40MTDP und JK-50MTDP sind f\u00fcr den Transport von Materialien beispielsweise Holzchips und Staub entwickelt worden.<br \/>\nDer Ventilator hat r\u00fcckw\u00e4rts gerichtete Schaufelbl\u00e4tter und ist mit aerodynamischem Ansaugstutzen aus Messing ausgestattet.<br \/>\nDie Laufr\u00e4der sind statisch und dynamisch nach ISO 10816-3 ausgewuchtet.<br \/>\nF\u00fcr die Steuerung der Drehzahl und der Luftmenge des Ventilators wird normalerweise einen Frequenzumformer verwendet.<\/p>\n<ul>\n<li>Max. Betriebstemperatur: 60 \u00b0C<\/li>\n<\/ul>\n<p>Der Eingang (D) wird standardm\u00e4\u00dfig mit Flansch geliefert.<\/p>\n","protected":false},"featured_media":1234,"template":"","meta":[],"product_cat":[55,59],"product_tag":[],"_links":{"self":[{"href":"https:\/\/www.lacuna-air.de\/index.php?rest_route=\/wp\/v2\/product\/1227"}],"collection":[{"href":"https:\/\/www.lacuna-air.de\/index.php?rest_route=\/wp\/v2\/product"}],"about":[{"href":"https:\/\/www.lacuna-air.de\/index.php?rest_route=\/wp\/v2\/types\/product"}],"wp:featuredmedia":[{"embeddable":true,"href":"https:\/\/www.lacuna-air.de\/index.php?rest_route=\/wp\/v2\/media\/1234"}],"wp:attachment":[{"href":"https:\/\/www.lacuna-air.de\/index.php?rest_route=%2Fwp%2Fv2%2Fmedia&parent=1227"}],"wp:term":[{"taxonomy":"product_cat","embeddable":true,"href":"https:\/\/www.lacuna-air.de\/index.php?rest_route=%2Fwp%2Fv2%2Fproduct_cat&post=1227"},{"taxonomy":"product_tag","embeddable":true,"href":"https:\/\/www.lacuna-air.de\/index.php?rest_route=%2Fwp%2Fv2%2Fproduct_tag&post=1227"}],"curies":[{"name":"wp","href":"https:\/\/api.w.org\/{rel}","templated":true}]}}