{"id":1208,"date":"2018-07-17T18:10:16","date_gmt":"2018-07-17T18:10:16","guid":{"rendered":"http:\/\/luft-und-klimatechnik.lacuna-air.de\/?post_type=product&#038;p=1208"},"modified":"2018-07-17T18:47:38","modified_gmt":"2018-07-17T18:47:38","slug":"ventilatorentypen-jk-20-40d","status":"publish","type":"product","link":"https:\/\/www.lacuna-air.de\/?product=ventilatorentypen-jk-20-40d","title":{"rendered":"Ventilatorentypen JK-20 &#8211; 40D"},"content":{"rendered":"<p style=\"text-align: right;\"><a href=\"http:\/\/luft-und-klimatechnik.lacuna-air.de\/wp-content\/uploads\/2018\/07\/VENTILATORTYPEN_JK-20D-40D_ALLGEMEIN.pdf\" target=\"_blank\" rel=\"noopener\"><img loading=\"lazy\" class=\"size-full wp-image-1192 alignright\" src=\"http:\/\/luft-und-klimatechnik.lacuna-air.de\/wp-content\/uploads\/2018\/07\/dokumentation.jpg\" alt=\"\" width=\"79\" height=\"100\" \/><strong>Produktdatenblatt Generell<\/strong><\/a><\/p>\n<p>&nbsp;<\/p>\n<p><a href=\"http:\/\/luft-und-klimatechnik.lacuna-air.de\/wp-content\/uploads\/2018\/07\/VENTILATORTYP_JK-20D.pdf\" target=\"_blank\" rel=\"noopener\">VENTILATORTYP_JK-20D<\/a><br \/>\n<a href=\"http:\/\/luft-und-klimatechnik.lacuna-air.de\/wp-content\/uploads\/2018\/07\/VENTILATORTYP_JK-22D.pdf\" target=\"_blank\" rel=\"noopener\">VENTILATORTYP_JK-22D<\/a><br \/>\n<a href=\"http:\/\/luft-und-klimatechnik.lacuna-air.de\/wp-content\/uploads\/2018\/07\/VENTILATORTYP_JK-25D.pdf\" target=\"_blank\" rel=\"noopener\">VENTILATORTYP_JK-25D<\/a><br \/>\n<a href=\"http:\/\/luft-und-klimatechnik.lacuna-air.de\/wp-content\/uploads\/2018\/07\/VENTILATORTYP_JK-30D.pdf\" target=\"_blank\" rel=\"noopener\">VENTILATORTYP_JK-30D<\/a><br \/>\n<a href=\"http:\/\/luft-und-klimatechnik.lacuna-air.de\/wp-content\/uploads\/2018\/07\/VENTILATORTYP_JK-35D.pdf\" target=\"_blank\" rel=\"noopener\">VENTILATORTYP_JK-35D<\/a><br \/>\n<a href=\"http:\/\/luft-und-klimatechnik.lacuna-air.de\/wp-content\/uploads\/2018\/07\/VENTILATORTYP_JK-40D.pdf\" target=\"_blank\" rel=\"noopener\">VENTILATORTYP_JK-40D<\/a><\/p>\n","protected":false},"excerpt":{"rendered":"<p><strong>Generell<\/strong><\/p>\n<p>Direktgetriebene JKF-Zentrifugalventilatoren vom Typ JK-20D und JK-40D dienen dem Materialtransport.<br \/>\nMit selbstreinigenden Laufr\u00e4dern, r\u00fcckw\u00e4rts gerichteten Schaufelbl\u00e4ttern und aerodynamischem Einlass ausgestattet. Die Laufr\u00e4der sind statisch und dynamisch ausgewuchtet.<\/p>\n<ul>\n<li>Max. Betriebstemperatur: 60 \u00b0C<\/li>\n<\/ul>\n<p>Die Anzahl der Schaufelbl\u00e4tter verringert sich bei Papierlaufr\u00e4dern auf 2.<br \/>\nLieferbar mit Funkenstreifschutz in rostfreiem Stahl und explosionsgesch\u00fctztem Motor.<br \/>\nAbmessungen (D) f\u00fcr den Einlass sind Au\u00dfenabmessungen. Gegl\u00e4ttete Ausf\u00fchrung.<\/p>\n<p>Die technischen Daten der einzelnen Ventilatoren sind auf den folgenden<br \/>\nSeiten aufgef\u00fchrt.<\/p>\n","protected":false},"featured_media":1209,"template":"","meta":[],"product_cat":[55],"product_tag":[],"_links":{"self":[{"href":"https:\/\/www.lacuna-air.de\/index.php?rest_route=\/wp\/v2\/product\/1208"}],"collection":[{"href":"https:\/\/www.lacuna-air.de\/index.php?rest_route=\/wp\/v2\/product"}],"about":[{"href":"https:\/\/www.lacuna-air.de\/index.php?rest_route=\/wp\/v2\/types\/product"}],"wp:featuredmedia":[{"embeddable":true,"href":"https:\/\/www.lacuna-air.de\/index.php?rest_route=\/wp\/v2\/media\/1209"}],"wp:attachment":[{"href":"https:\/\/www.lacuna-air.de\/index.php?rest_route=%2Fwp%2Fv2%2Fmedia&parent=1208"}],"wp:term":[{"taxonomy":"product_cat","embeddable":true,"href":"https:\/\/www.lacuna-air.de\/index.php?rest_route=%2Fwp%2Fv2%2Fproduct_cat&post=1208"},{"taxonomy":"product_tag","embeddable":true,"href":"https:\/\/www.lacuna-air.de\/index.php?rest_route=%2Fwp%2Fv2%2Fproduct_tag&post=1208"}],"curies":[{"name":"wp","href":"https:\/\/api.w.org\/{rel}","templated":true}]}}