{"id":1205,"date":"2018-07-17T18:04:42","date_gmt":"2018-07-17T18:04:42","guid":{"rendered":"http:\/\/luft-und-klimatechnik.lacuna-air.de\/?post_type=product&#038;p=1205"},"modified":"2018-07-18T14:07:23","modified_gmt":"2018-07-18T14:07:23","slug":"schleuse-2","status":"publish","type":"product","link":"https:\/\/www.lacuna-air.de\/?product=schleuse-2","title":{"rendered":"Schleuse Typ B-S\/B-EXS"},"content":{"rendered":"<p><strong>Rotations\u00fcberwachung<\/strong> <a href=\"http:\/\/luft-und-klimatechnik.lacuna-air.de\/wp-content\/uploads\/2018\/07\/SCHLEUSE_TYP_B-SB_EXS-1.pdf\" target=\"_blank\" rel=\"noopener\"><img loading=\"lazy\" class=\"size-full wp-image-1192 alignright\" src=\"http:\/\/luft-und-klimatechnik.lacuna-air.de\/wp-content\/uploads\/2018\/07\/dokumentation.jpg\" alt=\"\" width=\"79\" height=\"100\" \/><\/a><\/p>\n<p>Geliefert wird standardm\u00e4\u00dfig vorbereitet auf die Montage einer Rotations\u00fcberwachung.<\/p>\n<p>Die B-S Schleuse ist f\u00fcr die Kategorie 2D ATEX-gepr\u00fcft.<\/p>\n<p>Die B-EXS Schleuse ist f\u00fcr die Kategorie 1D Sicherheitssystem ATEXgepr\u00fcft, siehe Seite 52 bez\u00fcgl. der EXS-Steuerung.<\/p>\n","protected":false},"excerpt":{"rendered":"<p>Die Rotorschleusen Typ B-S\/B-EXS sind mit einem 8-Kammer-Rotor mit verschlei\u00dffesten Gummiplatten ausgestattet, angeschraubt an den Plattenprofilen der Rotorwelle.<br \/>\nDer Rotor ist mit Filzring vom Rotorgeh\u00e4use getrennt. Die Welle ist in einem Lager aufgeh\u00e4ngt und direkt an den Getriebemotor gekuppelt.<br \/>\nDer Rotor ist aus 2 mm Stahlblech gefertigt und kann mit einer Reihe von verschiedenen Gummibl\u00e4ttern geliefert werden, z.B.:<\/p>\n<ul>\n<li>Neopren-Gummibl\u00e4tter f\u00fcr eine Maximaltemperatur bis 80\u00b0C und eine Minimaltemperatur bis -40\u00b0C<\/li>\n<li>Silikon-Gummibl\u00e4tter f\u00fcr eine Maximaltemperatur bis 250\u00b0C und eine Minimaltemperatur bis -60\u00b0C<\/li>\n<\/ul>\n<p>&nbsp;<\/p>\n","protected":false},"featured_media":1206,"template":"","meta":[],"product_cat":[63,55],"product_tag":[],"_links":{"self":[{"href":"https:\/\/www.lacuna-air.de\/index.php?rest_route=\/wp\/v2\/product\/1205"}],"collection":[{"href":"https:\/\/www.lacuna-air.de\/index.php?rest_route=\/wp\/v2\/product"}],"about":[{"href":"https:\/\/www.lacuna-air.de\/index.php?rest_route=\/wp\/v2\/types\/product"}],"wp:featuredmedia":[{"embeddable":true,"href":"https:\/\/www.lacuna-air.de\/index.php?rest_route=\/wp\/v2\/media\/1206"}],"wp:attachment":[{"href":"https:\/\/www.lacuna-air.de\/index.php?rest_route=%2Fwp%2Fv2%2Fmedia&parent=1205"}],"wp:term":[{"taxonomy":"product_cat","embeddable":true,"href":"https:\/\/www.lacuna-air.de\/index.php?rest_route=%2Fwp%2Fv2%2Fproduct_cat&post=1205"},{"taxonomy":"product_tag","embeddable":true,"href":"https:\/\/www.lacuna-air.de\/index.php?rest_route=%2Fwp%2Fv2%2Fproduct_tag&post=1205"}],"curies":[{"name":"wp","href":"https:\/\/api.w.org\/{rel}","templated":true}]}}