{"id":1186,"date":"2018-07-17T17:14:50","date_gmt":"2018-07-17T17:14:50","guid":{"rendered":"http:\/\/luft-und-klimatechnik.lacuna-air.de\/?post_type=product&#038;p=1186"},"modified":"2018-07-18T14:07:04","modified_gmt":"2018-07-18T14:07:04","slug":"blower-und-ec-filter","status":"publish","type":"product","link":"https:\/\/www.lacuna-air.de\/?product=blower-und-ec-filter","title":{"rendered":"Blower und EC-Filter"},"content":{"rendered":"<p><strong>Betriebsbereich<\/strong>\u00a0<a href=\"http:\/\/luft-und-klimatechnik.lacuna-air.de\/wp-content\/uploads\/2018\/07\/BLOWER_UND_EC_FILTER.pdf\"><img loading=\"lazy\" class=\"size-full wp-image-1192 alignright\" src=\"http:\/\/luft-und-klimatechnik.lacuna-air.de\/wp-content\/uploads\/2018\/07\/dokumentation.jpg\" alt=\"\" width=\"79\" height=\"100\" \/><\/a><br \/>\nDruck: +\/- 5000 Pa (erh\u00e4ltlich von +20 kPa bis -10 kPa)<br \/>\nFilterfl\u00e4che: 5,8-200 m\u00b2<br \/>\nMax. Betriebstemperatur: 70\u00baC<br \/>\nMin. Betriebstemperatur: -20\u00baC (erh\u00e4ltlich bis: -40 \u00baC)<\/p>\n<p><strong>Anschluss<\/strong><br \/>\nGetriebemotor Blower-Abreinigung:<br \/>\nTyp 36: 0,25 kW, 20 min-1, 3 x 400 V, 50 Hz, 1,1 A<br \/>\nTyp 60, 84 und 90: 0,25 kW, 6,3 min-1, 3 x 400 V, 50 Hz, 0,82 A<\/p>\n<p><strong>Reinigungsventilator<\/strong><br \/>\nTyp 36: 5,5 kW, 2.860 min-1, 3 x 400 V, 50 Hz, 11 A<br \/>\nTyp 60: 7,5 kW, 2.880 min-1, 3 x 400 V, 50 Hz, 14,5 A<br \/>\nTyp 84 und 90: 11,0 kW, 2.900 min-1, 3 x 400 V, 50 Hz, 20 A<br \/>\nAnschluss EC-filtersteuenung BF-8, 12, 20, 34, 55:<br \/>\n0,25 kW, 1 x 230 V, 50 Hz, 0,1 A<\/p>\n<p><strong>Induktiver Abtaster, Blower-Abreinigung:<\/strong><br \/>\n24 VDC<\/p>\n<p><strong>Getriebemotor PowerPulse\u00ae-Abreinigungsssystem:<\/strong><br \/>\n0,12 kW, 15,6 min-1, 3 x 230 V, 50 Hz, 0,7 A<br \/>\nGetriebemotor Kratzboden:<br \/>\nTyp 20: 0,25 kW, 15,7 min-1, 3 x 400 V, 50 Hz, 1,1 A<br \/>\nTyp 34, 36: 0,55 kW, 11,0 min-1, 3 x 400 V, 50 Hz, 1,7 A<br \/>\nTyp 55, 60, 84 und 90:0,75 kW, 11,0 min-1, 3 x 400 V, 50 Hz, 2,2 A<\/p>\n","protected":false},"excerpt":{"rendered":"<p>Der Blower- und EC-Filter ist ein Unter- und \u00dcberdruck-Filter, der f\u00fcr den Dauerbetrieb konstruiert ist.<br \/>\nDer Filter ist als eine selbsttragende Feinblechkonstruktion aufgebaut.<br \/>\nDas runde Design gew\u00e4hrleistet gro\u00dfe St\u00e4rke und dabei geringes Gewicht.<\/p>\n<p><strong>Oberfl\u00e4che<\/strong><br \/>\nPulverbeschichtet entsprechend der Korrosionsklasse C3, vgl. ISO 12944.<\/p>\n<p><strong>Eintritt<\/strong><br \/>\nBF-34, 36, 55, 60, 84 und 90-Filter sind mit 180\u00ba tangentialem Eintritt ausgestattet, wodurch die effiziente Abscheidung schwererer Materialien<br \/>\ngew\u00e4hrleistet wird, ehe die Prozessluft dem Filtermedium zugef\u00fchrt wird.<\/p>\n<p>Blower- und EC-Filter sind auch mit Totalabscheidern erh\u00e4ltlich. Die Standardh\u00f6he betr\u00e4gt 1000 mm, der Eintritt 90\u00ba. Dieser Eintritttyp kommt in Anlagen zum Einsatz, in denen die Prozessluft schwere und scharfe Partikel enth\u00e4lt, und zwar um zu verhindern, dass diese mit dem Filtermedium in Ber\u00fchrung kommen.<\/p>\n<p><strong>Abreinigungssystem<\/strong><br \/>\nBF-36, 60, 84, 90 ET Filter sind mit PowerPulse\u00ae- oder Blower-Abreinigung erh\u00e4ltlich. BF-8, 12, 20, 34, 55 Filter werden mit EC-Reinigung geliefert.<\/p>\n<p><strong>Auswurfsystem<\/strong><br \/>\nKegelboden oder Kratzb\u00f6den sind f\u00fcr das Auswurfsystem erh\u00e4ltlich, die Lieferung kann jedoch auch mit Silofilter erfolgen.<\/p>\n<p><strong>ATEX<\/strong><br \/>\nBF-8, 12, 20, 34, 55 Filter mit EC-Reinigung und Seitlicher Entlastung.<br \/>\nBF-36, 60, 84, 90 Filter mit PowerPulse\u00ae-Abreinigung, externer Druckluft oder internem Kompressor sind mit gepr\u00fcften Explosionsmembranen ausgestattet. W\u00e4hlen Sie zwischen seitlicher Entlastung oder der von JKF speziell entwickelten VFV\u00ae-Explosionsentlastung, bei der der Explosionsdruck vertikal durch den Filterkopf entlastet wird. Die Filter entsprechen der Drucksto\u00dffestigkeit gem\u00e4\u00df VDI 2263. Entlastung gem\u00e4\u00df VDI 3673.<\/p>\n","protected":false},"featured_media":1187,"template":"","meta":[],"product_cat":[63,55],"product_tag":[],"_links":{"self":[{"href":"https:\/\/www.lacuna-air.de\/index.php?rest_route=\/wp\/v2\/product\/1186"}],"collection":[{"href":"https:\/\/www.lacuna-air.de\/index.php?rest_route=\/wp\/v2\/product"}],"about":[{"href":"https:\/\/www.lacuna-air.de\/index.php?rest_route=\/wp\/v2\/types\/product"}],"wp:featuredmedia":[{"embeddable":true,"href":"https:\/\/www.lacuna-air.de\/index.php?rest_route=\/wp\/v2\/media\/1187"}],"wp:attachment":[{"href":"https:\/\/www.lacuna-air.de\/index.php?rest_route=%2Fwp%2Fv2%2Fmedia&parent=1186"}],"wp:term":[{"taxonomy":"product_cat","embeddable":true,"href":"https:\/\/www.lacuna-air.de\/index.php?rest_route=%2Fwp%2Fv2%2Fproduct_cat&post=1186"},{"taxonomy":"product_tag","embeddable":true,"href":"https:\/\/www.lacuna-air.de\/index.php?rest_route=%2Fwp%2Fv2%2Fproduct_tag&post=1186"}],"curies":[{"name":"wp","href":"https:\/\/api.w.org\/{rel}","templated":true}]}}