{"id":1131,"date":"2018-07-03T12:07:34","date_gmt":"2018-07-03T12:07:34","guid":{"rendered":"http:\/\/luft-und-klimatechnik.lacuna-air.de\/?post_type=product&#038;p=1131"},"modified":"2018-07-04T13:05:39","modified_gmt":"2018-07-04T13:05:39","slug":"elastische-verbindungen","status":"publish","type":"product","link":"https:\/\/www.lacuna-air.de\/?product=elastische-verbindungen","title":{"rendered":"Elastische Verbindungen &#8211; eckig"},"content":{"rendered":"<h3>Technische Daten:<\/h3>\n<ul>\n<li>Rei\u00dffest<\/li>\n<li>UV-best\u00e4ndig<\/li>\n<li>Verrottungsfest<\/li>\n<li>Phthalatfrei<\/li>\n<li>Druckbest\u00e4ndig bis +-1500pa<\/li>\n<li>Balg mit integrierter Dichtlippe in einem St\u00fcck aus Spezial-PVC, Farbe: dunkelgrau<\/li>\n<li>Dicke ca. 1mm<\/li>\n<li>Fl\u00e4chengewicht: ca. 400g\/lfm<\/li>\n<li>Dauer-Temperaturbest\u00e4ndigkeit: -10\u00b0C bis +70\u00b0C \u2022 Brandverhalten: normal entflammbar nach DIN4102-1 B2<\/li>\n<li>Dichtheitsklasse C auf Basis DIN EN13180:2002, Bewertung nach DIN EN1507:2006<\/li>\n<li>F\u00fcr den Einsatz in RLT-Anlagen, entsprechend den Anforderungen aus der VDI6022, Blatt 1 an mikrobielle Inertheit<\/li>\n<\/ul>\n<p>&nbsp;<\/p>\n<p><strong>Flansch:<\/strong> Stahl verzinkt, mit Eckloch Bandmaterial: PVC, temperaturbest\u00e4ndig bis 70\u00b0C (min. normal entflammbar nach DIN 4102 B2)<br \/>\n<strong>Gestreckte L\u00e4nge:<\/strong> 105mm, 155mm, 180mm<br \/>\n<strong>Umfang bis:<\/strong><\/p>\n<table border=\"0\" width=\"100%\" cellspacing=\"0\" cellpadding=\"5\">\n<tbody>\n<tr>\n<td>1000 mm<\/td>\n<td>4750 mm<\/td>\n<\/tr>\n<tr>\n<td>1250 mm<\/td>\n<td>5000 mm<\/td>\n<\/tr>\n<tr>\n<td>1500 mm<\/td>\n<td>5250 mm<\/td>\n<\/tr>\n<tr>\n<td>1750 mm<\/td>\n<td>5500 mm<\/td>\n<\/tr>\n<tr>\n<td>2000 mm<\/td>\n<td>5750 mm<\/td>\n<\/tr>\n<tr>\n<td>2250 mm<\/td>\n<td>6000 mm<\/td>\n<\/tr>\n<tr>\n<td>2500 mm<\/td>\n<td>6250 mm<\/td>\n<\/tr>\n<tr>\n<td>2750 mm<\/td>\n<td>6500 mm<\/td>\n<\/tr>\n<tr>\n<td>3000 mm<\/td>\n<td>6750 mm<\/td>\n<\/tr>\n<tr>\n<td>3250 mm<\/td>\n<td>7000 mm<\/td>\n<\/tr>\n<tr>\n<td>3500 mm<\/td>\n<td>8250 mm<\/td>\n<\/tr>\n<tr>\n<td>3750 mm<\/td>\n<td>8500 mm<\/td>\n<\/tr>\n<tr>\n<td>4000 mm<\/td>\n<td>8750 mm<\/td>\n<\/tr>\n<tr>\n<td>4250 mm<\/td>\n<td>9000 mm<\/td>\n<\/tr>\n<tr>\n<td>4500 mm<\/td>\n<td>10000mm<\/td>\n<\/tr>\n<\/tbody>\n<\/table>\n","protected":false},"excerpt":{"rendered":"<h3>Allgemeine Beschreibung:<\/h3>\n<p>LACUNA AIR Verbindungsstutzen\/ Kompensatoren zum Einbau in lufttechnische Anlagen und L\u00fcftungsleitungen, in quadratischer, rechteckiger oder runder Ausf\u00fchrung, zur K\u00f6rperschallentkopplung bzw. L\u00e4ngenkompensation auch f\u00fcr den Einsatz an Brandschutzklappen.<\/p>\n<p>Bestehend aus flexiblem Balg mit integrierter Dichtlippe, Enden dicht miteinander verschwei\u00dft.<\/p>\n<ul>\n<li>Eckige Ausf\u00fchrungen dauerhaft montiert in zwei verzinkten Profilrahmen mit Ecklochung, zum Anschluss an Standard Luftkanalprofilen.<\/li>\n<\/ul>\n","protected":false},"featured_media":1172,"template":"","meta":[],"product_cat":[56,43],"product_tag":[],"_links":{"self":[{"href":"https:\/\/www.lacuna-air.de\/index.php?rest_route=\/wp\/v2\/product\/1131"}],"collection":[{"href":"https:\/\/www.lacuna-air.de\/index.php?rest_route=\/wp\/v2\/product"}],"about":[{"href":"https:\/\/www.lacuna-air.de\/index.php?rest_route=\/wp\/v2\/types\/product"}],"wp:featuredmedia":[{"embeddable":true,"href":"https:\/\/www.lacuna-air.de\/index.php?rest_route=\/wp\/v2\/media\/1172"}],"wp:attachment":[{"href":"https:\/\/www.lacuna-air.de\/index.php?rest_route=%2Fwp%2Fv2%2Fmedia&parent=1131"}],"wp:term":[{"taxonomy":"product_cat","embeddable":true,"href":"https:\/\/www.lacuna-air.de\/index.php?rest_route=%2Fwp%2Fv2%2Fproduct_cat&post=1131"},{"taxonomy":"product_tag","embeddable":true,"href":"https:\/\/www.lacuna-air.de\/index.php?rest_route=%2Fwp%2Fv2%2Fproduct_tag&post=1131"}],"curies":[{"name":"wp","href":"https:\/\/api.w.org\/{rel}","templated":true}]}}