{"id":495,"date":"2018-06-07T07:21:24","date_gmt":"2018-06-07T07:21:24","guid":{"rendered":"http:\/\/luft-und-klimatechnik.lacuna-air.de\/?page_id=495"},"modified":"2018-10-28T20:59:50","modified_gmt":"2018-10-28T20:59:50","slug":"wohnraumlueftung","status":"publish","type":"page","link":"https:\/\/www.lacuna-air.de\/?page_id=495","title":{"rendered":"Wohnrauml\u00fcftung"},"content":{"rendered":"<p><img loading=\"lazy\" class=\"alignnone size-full wp-image-1606\" src=\"https:\/\/www.lacuna-air.de\/wp-content\/uploads\/2018\/09\/wohnraunlueftung-1.jpg\" alt=\"\" width=\"961\" height=\"780\" srcset=\"https:\/\/www.lacuna-air.de\/wp-content\/uploads\/2018\/09\/wohnraunlueftung-1.jpg 961w, https:\/\/www.lacuna-air.de\/wp-content\/uploads\/2018\/09\/wohnraunlueftung-1-300x243.jpg 300w, https:\/\/www.lacuna-air.de\/wp-content\/uploads\/2018\/09\/wohnraunlueftung-1-768x623.jpg 768w, https:\/\/www.lacuna-air.de\/wp-content\/uploads\/2018\/09\/wohnraunlueftung-1-600x487.jpg 600w\" sizes=\"(max-width: 961px) 100vw, 961px\" \/><\/p>\n<p>Intelligente\u00a0Wohnrauml\u00fcftung<br \/>\nnimmt eine Schl\u00fcsselrolle in energieeffizienter Geb\u00e4udeplanung und bei der energetischen Sanierung von Altbauten ein.<br \/>\nEine kontrollierte Wohnrauml\u00fcftung oder kurz\u00a0 KWL sorgt f\u00fcr einen regelm\u00e4\u00dfigen Luftaustausch und eine hohe Qualit\u00e4t der Luft. Gerade bei luftdichten Neubauten ist ein regelm\u00e4\u00dfiges L\u00fcften wichtig. Einen ausreichenden Luftaustausch nur \u00fcber das \u00d6ffnen und Schlie\u00dfen von Fenstern zu schaffen, ist nahezu unm\u00f6glich.<br \/>\nEine automatische L\u00fcftung die Bildung von Schimmel und h\u00e4lt Pollen und Insekten ab, f\u00fcr Allergiker ein gro\u00dfer Gewinn an Lebensqualit\u00e4t. Dank neuster Technologien ist eine Wohnrauml\u00fcftung mit W\u00e4rmer\u00fcckgewinnung in der Lage, im Schnitt bis zu 90% der ansonsten verlorenen W\u00e4rmeenergie zur\u00fcck zu f\u00fchren. Dabei entzieht ein integrierter W\u00e4rmetauscher der Abluft einen Gro\u00dfteil ihrer W\u00e4rme und f\u00fchrt diese dann der hereinstr\u00f6menden Frischluft zu.<\/p>\n<p><a href=\"https:\/\/www.lacuna-air.de\/?product_cat=wohnraumlueftung\">Besuchen Sie unsere Produktpalette.<\/a><\/p>\n","protected":false},"excerpt":{"rendered":"<p>Intelligente\u00a0Wohnrauml\u00fcftung nimmt eine Schl\u00fcsselrolle in energieeffizienter Geb\u00e4udeplanung und bei der energetischen Sanierung von Altbauten ein. Eine kontrollierte Wohnrauml\u00fcftung oder kurz\u00a0 KWL sorgt f\u00fcr einen regelm\u00e4\u00dfigen Luftaustausch und eine hohe Qualit\u00e4t der Luft. Gerade bei luftdichten Neubauten ist ein regelm\u00e4\u00dfiges L\u00fcften wichtig. Einen ausreichenden Luftaustausch nur \u00fcber das \u00d6ffnen und Schlie\u00dfen von Fenstern zu schaffen, ist nahezu unm\u00f6glich. Eine automatische L\u00fcftung die Bildung von Schimmel und h\u00e4lt Pollen und Insekten ab, f\u00fcr Allergiker ein gro\u00dfer Gewinn an Lebensqualit\u00e4t. Dank neuster Technologien ist eine Wohnrauml\u00fcftung mit W\u00e4rmer\u00fcckgewinnung in der Lage, im Schnitt bis zu 90% der ansonsten verlorenen W\u00e4rmeenergie zur\u00fcck zu f\u00fchren&#8230;. <\/p>\n","protected":false},"author":2,"featured_media":0,"parent":0,"menu_order":0,"comment_status":"closed","ping_status":"closed","template":"","meta":[],"_links":{"self":[{"href":"https:\/\/www.lacuna-air.de\/index.php?rest_route=\/wp\/v2\/pages\/495"}],"collection":[{"href":"https:\/\/www.lacuna-air.de\/index.php?rest_route=\/wp\/v2\/pages"}],"about":[{"href":"https:\/\/www.lacuna-air.de\/index.php?rest_route=\/wp\/v2\/types\/page"}],"author":[{"embeddable":true,"href":"https:\/\/www.lacuna-air.de\/index.php?rest_route=\/wp\/v2\/users\/2"}],"replies":[{"embeddable":true,"href":"https:\/\/www.lacuna-air.de\/index.php?rest_route=%2Fwp%2Fv2%2Fcomments&post=495"}],"version-history":[{"count":11,"href":"https:\/\/www.lacuna-air.de\/index.php?rest_route=\/wp\/v2\/pages\/495\/revisions"}],"predecessor-version":[{"id":1700,"href":"https:\/\/www.lacuna-air.de\/index.php?rest_route=\/wp\/v2\/pages\/495\/revisions\/1700"}],"wp:attachment":[{"href":"https:\/\/www.lacuna-air.de\/index.php?rest_route=%2Fwp%2Fv2%2Fmedia&parent=495"}],"curies":[{"name":"wp","href":"https:\/\/api.w.org\/{rel}","templated":true}]}}