{"id":49,"date":"2018-05-16T08:25:19","date_gmt":"2018-05-16T08:25:19","guid":{"rendered":"http:\/\/luft-und-klimatechnik.lacuna-air.de\/?page_id=49"},"modified":"2022-10-27T11:33:23","modified_gmt":"2022-10-27T11:33:23","slug":"impressum","status":"publish","type":"page","link":"https:\/\/www.lacuna-air.de\/?page_id=49","title":{"rendered":"Impressum"},"content":{"rendered":"<table border=\"0\" cellspacing=\"0\" cellpadding=\"0\">\n<tbody>\n<tr>\n<td width=\"20%\"><strong>Herausgeber:<\/strong><\/td>\n<td><strong>Lacuna Air Produktions- und Handels GmbH<\/strong><\/td>\n<\/tr>\n<tr>\n<td><strong>Strasse:<\/strong><\/td>\n<td>Ettringer Weg 16<\/td>\n<\/tr>\n<tr>\n<td><strong>Ort:<\/strong><\/td>\n<td>86854 Amberg<\/td>\n<\/tr>\n<tr>\n<td><strong>Telefon:<\/strong><\/td>\n<td>++49 (0)82 41\/ 918 54 00<\/td>\n<\/tr>\n<tr>\n<td><strong> Telefax: <\/strong><\/td>\n<td>++49 (0)82 41\/ 918 54 09<\/td>\n<\/tr>\n<tr>\n<td><strong>Email:<\/strong><\/td>\n<td>info@lacuna-air.de<\/td>\n<\/tr>\n<tr>\n<td><strong>Inhaber:<\/strong><\/td>\n<td width=\"160\">Volker Lehnert<\/td>\n<\/tr>\n<tr>\n<td nowrap=\"nowrap\"><strong>Inhaltlich Verantwortlicher:\u00a0<\/strong><\/td>\n<td>Volker Lehnert<\/td>\n<\/tr>\n<tr>\n<td><strong>Firmensitz:<\/strong><\/td>\n<td>Amberg<\/td>\n<\/tr>\n<tr>\n<td><strong>USt-IdNr.:<\/strong><\/td>\n<td>DE 265 971 830<\/td>\n<\/tr>\n<tr>\n<td><strong>Amtsgericht Memmingen:<\/strong><\/td>\n<td>HRB 15444<\/td>\n<\/tr>\n<tr>\n<td><strong>WEEE-Reg.-Nr. :<\/strong><\/td>\n<td>DE 33368983<\/td>\n<\/tr>\n<tr>\n<td><strong>Urheberrechte:<\/strong><\/td>\n<td>Der Inhalt dieser Internetpr\u00e4sentation inklusive aller Bilder und Textbeitr\u00e4ge sind urheberrechtlich gesch\u00fctzt und d\u00fcrfen nur nach Zustimmung von Lacuna Air verwendet werden. Eine anderweitige Reproduktion, Mirroring oder Anzeige innerhalb fremder Frames ist ohne schriftliche Genehmigung untersagt.<\/td>\n<\/tr>\n<tr>\n<td><strong>Haftungsausschluss:<\/strong><\/td>\n<td>Es besteht kein Anspruch auf Aktualit\u00e4t, Korrektheit, Vollst\u00e4ndigkeit, Qualit\u00e4t und Fehlerfreiheit. F\u00fcr evtl. Sch\u00e4den oder Nachteile, die sich aus Inhalt und Nutzung der Website ergeben, wird keine Haftung \u00fcbernommen.<\/td>\n<\/tr>\n<tr>\n<td><strong>Quellnachweise<\/strong><\/td>\n<td>Wir bedanken uns herzlich bei folgenden Firmen, die uns ihre Produktdaten zur Verf\u00fcgung gestellt haben:<\/p>\n<p><a href=\"http:\/\/www.mandik.cz\" target=\"_blank\" rel=\"noopener\">Mandik<\/a><br \/>\n<a href=\"https:\/\/www.vento.be\" target=\"_blank\" rel=\"noopener\">Vento<\/a><br \/>\n<a href=\"http:\/\/www.jkf.dk\" target=\"_blank\" rel=\"noopener\">JKF Industri A\/S<\/a><\/td>\n<\/tr>\n<\/tbody>\n<\/table>\n","protected":false},"excerpt":{"rendered":"<p>Herausgeber: Lacuna Air Produktions- und Handels GmbH Strasse: Ettringer Weg 16 Ort: 86854 Amberg Telefon: ++49 (0)82 41\/ 918 54 00 Telefax: ++49 (0)82 41\/ 918 54 09 Email: info@lacuna-air.de Inhaber: Volker Lehnert Inhaltlich Verantwortlicher:\u00a0 Volker Lehnert Firmensitz: Amberg USt-IdNr.: DE 265 971 830 Amtsgericht Memmingen: HRB 15444 WEEE-Reg.-Nr. : DE 33368983 Urheberrechte: Der Inhalt dieser Internetpr\u00e4sentation inklusive aller Bilder und Textbeitr\u00e4ge sind urheberrechtlich gesch\u00fctzt und d\u00fcrfen nur nach Zustimmung von Lacuna Air verwendet werden. Eine anderweitige Reproduktion, Mirroring oder Anzeige innerhalb fremder Frames ist ohne schriftliche Genehmigung untersagt. Haftungsausschluss: Es besteht kein Anspruch auf Aktualit\u00e4t, Korrektheit, Vollst\u00e4ndigkeit, Qualit\u00e4t und&#8230; <\/p>\n","protected":false},"author":2,"featured_media":0,"parent":0,"menu_order":0,"comment_status":"closed","ping_status":"closed","template":"no-sidebar.php","meta":[],"_links":{"self":[{"href":"https:\/\/www.lacuna-air.de\/index.php?rest_route=\/wp\/v2\/pages\/49"}],"collection":[{"href":"https:\/\/www.lacuna-air.de\/index.php?rest_route=\/wp\/v2\/pages"}],"about":[{"href":"https:\/\/www.lacuna-air.de\/index.php?rest_route=\/wp\/v2\/types\/page"}],"author":[{"embeddable":true,"href":"https:\/\/www.lacuna-air.de\/index.php?rest_route=\/wp\/v2\/users\/2"}],"replies":[{"embeddable":true,"href":"https:\/\/www.lacuna-air.de\/index.php?rest_route=%2Fwp%2Fv2%2Fcomments&post=49"}],"version-history":[{"count":15,"href":"https:\/\/www.lacuna-air.de\/index.php?rest_route=\/wp\/v2\/pages\/49\/revisions"}],"predecessor-version":[{"id":2430,"href":"https:\/\/www.lacuna-air.de\/index.php?rest_route=\/wp\/v2\/pages\/49\/revisions\/2430"}],"wp:attachment":[{"href":"https:\/\/www.lacuna-air.de\/index.php?rest_route=%2Fwp%2Fv2%2Fmedia&parent=49"}],"curies":[{"name":"wp","href":"https:\/\/api.w.org\/{rel}","templated":true}]}}