{"id":2371,"date":"2021-10-18T12:07:54","date_gmt":"2021-10-18T12:07:54","guid":{"rendered":"https:\/\/www.lacuna-air.de\/?page_id=2371"},"modified":"2021-10-18T12:25:29","modified_gmt":"2021-10-18T12:25:29","slug":"soziale-projekte-2","status":"publish","type":"page","link":"https:\/\/www.lacuna-air.de\/?page_id=2371","title":{"rendered":"Soziale Projekte"},"content":{"rendered":"\n<div class=\"wp-block-columns\">\n<div class=\"wp-block-column\">\n<p>Schenken wir doch zusammen schwer erkrankten Kindern &amp; Jugendlichen ein L\u00e4cheln in einer schweren Zeit! Eine kleine Spende macht das m\u00f6glich. LACUNA AIR will die M\u00f6glichkeit dazu schaffen.<\/p>\n\n\n\n<p>Wir haben das ideale Produkt. Unsere Masken, ob medizinische oder waschbare Alltagsmasken, sind n\u00fctzlich und hilfreich f\u00fcr jeden. Mit dem Verkauf einer Packung geben wir einen Teil unserer Einnahmen als Spende ab. <\/p>\n\n\n\n<p>Wir unterst\u00fctzen namhaften H\u00e4user. In jedem Fall ist aber sichergestellt, dass die Spenden tats\u00e4chlich etwas bewirken und die Einrichtungen seri\u00f6s sind.<\/p>\n<\/div>\n\n\n\n<div class=\"wp-block-column\">\n<p>Wir pr\u00fcfen bei der Auswahl, wie die Organisation nach au\u00dfen auftritt und ob sie beispielsweise mit einem Spendensiegel ausgezeichnet wurde.<br><em>D<\/em>urch unsere Kooperation unterst\u00fctzen wir diejenige, die unsere Hilfe ben\u00f6tigen und\u00a0beweisen damit unser <em>soziales Engagement<\/em>.\u00a0 <\/p>\n\n\n\n<p>Bitte unterst\u00fctzen Sie uns dabei mit einem Kauf unserer Masken. <a rel=\"noreferrer noopener\" href=\"https:\/\/www.allg\u00e4u-maske.de\" data-type=\"URL\" data-id=\"https:\/\/www.allg\u00e4u-maske.de\" target=\"_blank\">allg\u00e4u-maske.de<\/a><\/p>\n<\/div>\n<\/div>\n","protected":false},"excerpt":{"rendered":"<p>Schenken wir doch zusammen schwer erkrankten Kindern &amp; Jugendlichen ein L\u00e4cheln in einer schweren Zeit! Eine kleine Spende macht das m\u00f6glich. LACUNA AIR will die M\u00f6glichkeit dazu schaffen. Wir haben das ideale Produkt. Unsere Masken, ob medizinische oder waschbare Alltagsmasken, sind n\u00fctzlich und hilfreich f\u00fcr jeden. Mit dem Verkauf einer Packung geben wir einen Teil unserer Einnahmen als Spende ab. Wir unterst\u00fctzen namhaften H\u00e4user. In jedem Fall ist aber sichergestellt, dass die Spenden tats\u00e4chlich etwas bewirken und die Einrichtungen seri\u00f6s sind. Wir pr\u00fcfen bei der Auswahl, wie die Organisation nach au\u00dfen auftritt und ob sie beispielsweise mit einem Spendensiegel ausgezeichnet&#8230; <\/p>\n","protected":false},"author":2,"featured_media":0,"parent":0,"menu_order":0,"comment_status":"closed","ping_status":"closed","template":"full-width.php","meta":[],"_links":{"self":[{"href":"https:\/\/www.lacuna-air.de\/index.php?rest_route=\/wp\/v2\/pages\/2371"}],"collection":[{"href":"https:\/\/www.lacuna-air.de\/index.php?rest_route=\/wp\/v2\/pages"}],"about":[{"href":"https:\/\/www.lacuna-air.de\/index.php?rest_route=\/wp\/v2\/types\/page"}],"author":[{"embeddable":true,"href":"https:\/\/www.lacuna-air.de\/index.php?rest_route=\/wp\/v2\/users\/2"}],"replies":[{"embeddable":true,"href":"https:\/\/www.lacuna-air.de\/index.php?rest_route=%2Fwp%2Fv2%2Fcomments&post=2371"}],"version-history":[{"count":5,"href":"https:\/\/www.lacuna-air.de\/index.php?rest_route=\/wp\/v2\/pages\/2371\/revisions"}],"predecessor-version":[{"id":2386,"href":"https:\/\/www.lacuna-air.de\/index.php?rest_route=\/wp\/v2\/pages\/2371\/revisions\/2386"}],"wp:attachment":[{"href":"https:\/\/www.lacuna-air.de\/index.php?rest_route=%2Fwp%2Fv2%2Fmedia&parent=2371"}],"curies":[{"name":"wp","href":"https:\/\/api.w.org\/{rel}","templated":true}]}}