{"id":2161,"date":"2021-08-31T09:26:29","date_gmt":"2021-08-31T09:26:29","guid":{"rendered":"https:\/\/www.lacuna-air.de\/?page_id=2161"},"modified":"2021-08-31T10:36:46","modified_gmt":"2021-08-31T10:36:46","slug":"haeufig-gestellte-fragen","status":"publish","type":"page","link":"https:\/\/www.lacuna-air.de\/?page_id=2161","title":{"rendered":"H\u00e4ufig gestellte Fragen"},"content":{"rendered":"\n\t\t\t\t\t\t\t<h3 style=\"margin-bottom:20px;display:block;width:100%;margin-top:10px\">Wenn Sie noch Fragen haben, die hier nicht beantwortet werden, schreiben Sie uns. <\/h3>\r\n\t\t\t\t\t\t<style>\r\n\t\t\t\t<style>\r\n#wpsm_accordion_2163 .wpsm_panel-heading{\r\n\tpadding:0px !important;\r\n}\r\n#wpsm_accordion_2163 .wpsm_panel-title {\r\n\tmargin:0px !important; \r\n\ttext-transform:none !important;\r\n\tline-height: 1 !important;\r\n}\r\n#wpsm_accordion_2163 .wpsm_panel-title a{\r\n\ttext-decoration:none;\r\n\toverflow:hidden;\r\n\tdisplay:block;\r\n\tpadding:0px;\r\n\tfont-size: 18px !important;\r\n\tfont-family: Open Sans !important;\r\n\tcolor:#000000 !important;\r\n\tborder-bottom:0px !important;\r\n}\r\n\r\n#wpsm_accordion_2163 .wpsm_panel-title a:focus {\r\noutline: 0px !important;\r\n}\r\n\r\n#wpsm_accordion_2163 .wpsm_panel-title a:hover, #wpsm_accordion_2163 .wpsm_panel-title a:focus {\r\n\tcolor:#000000 !important;\r\n}\r\n#wpsm_accordion_2163 .acc-a{\r\n\tcolor: #000000 !important;\r\n\tbackground-color:#f9f9f9 !important;\r\n\tborder-color: #ddd;\r\n}\r\n#wpsm_accordion_2163 .wpsm_panel-default > .wpsm_panel-heading{\r\n\tcolor: #000000 !important;\r\n\tbackground-color: #f9f9f9 !important;\r\n\tborder-color: #f9f9f9 !important;\r\n\tborder-top-left-radius: 0px;\r\n\tborder-top-right-radius: 0px;\r\n}\r\n#wpsm_accordion_2163 .wpsm_panel-default {\r\n\t\tborder:1px solid transparent !important;\r\n\t}\r\n#wpsm_accordion_2163 {\r\n\tmargin-bottom: 20px;\r\n\toverflow: hidden;\r\n\tfloat: none;\r\n\twidth: 100%;\r\n\tdisplay: block;\r\n}\r\n#wpsm_accordion_2163 .ac_title_class{\r\n\tdisplay: block;\r\n\tpadding-top: 12px;\r\n\tpadding-bottom: 12px;\r\n\tpadding-left: 15px;\r\n\tpadding-right: 15px;\r\n}\r\n#wpsm_accordion_2163  .wpsm_panel {\r\n\toverflow:hidden;\r\n\t-webkit-box-shadow: 0 0px 0px rgba(0, 0, 0, .05);\r\n\tbox-shadow: 0 0px 0px rgba(0, 0, 0, .05);\r\n\t\tborder-radius: 4px;\r\n\t}\r\n#wpsm_accordion_2163  .wpsm_panel + .wpsm_panel {\r\n\t\tmargin-top: 5px;\r\n\t}\r\n#wpsm_accordion_2163  .wpsm_panel-body{\r\n\tbackground-color:#ffffff !important;\r\n\tcolor:#000000 !important;\r\n\tborder-top-color: #f9f9f9 !important;\r\n\tfont-size:14px !important;\r\n\tfont-family: Open Sans !important;\r\n\toverflow: hidden;\r\n\t\tborder: 2px solid #f9f9f9 !important;\r\n\t}\r\n\r\n#wpsm_accordion_2163 .ac_open_cl_icon{\r\n\tbackground-color:#f9f9f9 !important;\r\n\tcolor: #000000 !important;\r\n\tfloat:right !important;\r\n\tpadding-top: 12px !important;\r\n\tpadding-bottom: 12px !important;\r\n\tline-height: 1.0 !important;\r\n\tpadding-left: 15px !important;\r\n\tpadding-right: 15px !important;\r\n\tdisplay: inline-block !important;\r\n}\r\n\r\n\t\t\t\r\n\t\t\tbody {background-color: #dcf7f9;}\r\n\r\nh7   {color: #6293a2;}\r\n\r\np { font-family:&#039;Open Sans&#039;,sans-serif;\r\n}\r\n\r\n#wpsm_accordion_2163 .ac_title_class {\r\n    font-family:&#039;Open Sans&#039;,sans-serif;\r\n   }<\/style>\t\r\n\t\t\t<\/style>\r\n\t\t\t<div class=\"wpsm_panel-group\" id=\"wpsm_accordion_2163\" >\r\n\t\t\t\t\t\t\t\t\r\n\t\t\t\t\t<!-- Inner panel Start -->\r\n\t\t\t\t\t<div class=\"wpsm_panel wpsm_panel-default\">\r\n\t\t\t\t\t\t<div class=\"wpsm_panel-heading\" role=\"tab\" >\r\n\t\t\t\t\t\t  <h4 class=\"wpsm_panel-title\">\r\n\t\t\t\t\t\t\t<a  class=\"\"  data-toggle=\"collapse\" data-parent=\"#wpsm_accordion_2163 \" href=\"javascript:void(0)\" data-target=\"#ac_2163_collapse1\" onclick=\"do_resize()\">\r\n\t\t\t\t\t\t\t\t\t\t\t\t\t\t\t\t\t<span class=\"ac_open_cl_icon fa fa-minus\"><\/span>\r\n\t\t\t\t\t\t\t\t\t\r\n\t\t\t\t\t\t\t\t \r\n\t\t\t\t\t\t\t\t<span class=\"ac_title_class\">\r\n\t\t\t\t\t\t\t\t\t\t\t\t\t\t\t\t\t\t\t\t<span style=\"margin-right:6px;\" class=\"fa fa-angle-down\"><\/span>\r\n\t\t\t\t\t\t\t\t\tWie setze ich die Maske richtig auf?\t\t\t\t\t\t\t\t<\/span>\r\n\t\t\t\t\t\t\t<\/a>\r\n\t\t\t\t\t\t  <\/h4>\r\n\t\t\t\t\t\t<\/div>\r\n\t\t\t\t\t\t<div id=\"ac_2163_collapse1\" class=\"wpsm_panel-collapse collapse in\"  >\r\n\t\t\t\t\t\t  <div class=\"wpsm_panel-body\">\r\n\t\t\t\t\t\t\t<p><h7> VORBEREITUNG<\/h7><br>\r\nSie sollten ihre Maske immer mit sauberen, gewaschenen H\u00e4nden anfassen, m\u00f6glichst nur von au\u00dfen ber\u00fchren, nicht auf der Innenseite \u2013 diese ist bei gekauften, medizinischem Mund-Nasen-Schutz h\u00e4ufig wei\u00df. Falls ein Metallb\u00fcgel vorhanden ist, geh\u00f6rt er nach oben, auf den Nasenr\u00fccken.\r\n<br><br>\r\n<h7>MUND-NASEN-SCHUTZ richtig anlegen<\/h7><br>\r\nPlatzieren Sie die Maske \u00fcber Mund und Nase, und den Nasenb\u00fcgel (falls vorhanden) so auf dem Nasenr\u00fccken anpassen, dass der Mund-Nasen-Schutz m\u00f6glichst bequem und dicht anliegt. Bei den meisten Menschen ist die richtige H\u00f6he ungef\u00e4hr da, wo man eine Brille auf der Nase tragen w\u00fcrde.\r\nMit den Fingern am oberen Rand des Mund-Nasen-Schutzes entlang nach hinten gleiten, damit dieser nicht verrutscht und die Gummib\u00e4nder hinter die Ohren ziehen. \r\nDie Falten der Maske nach unten \u00fcber das Kinn ziehen. Mund und Nase m\u00fcssen f\u00fcr eine ausreichende Wirkung komplett bedeckt sein und an den Wangen sollte der Mund-Nasen-Schutz m\u00f6glichst dicht abschlie\u00dfen.\r\nDer Mund-Nasen-Schutz sollte am Ende so gut anliegen und fixiert sein, dass man den Sitz nicht mehr korrigieren muss. Auch wenn man den Kopf dreht oder spricht sollte er nicht verrutschen oder st\u00f6ren.\r\n<br><br>\r\n<h7>WICHTIG F\u00dcR BRILLENTR\u00c4GER<\/h7><br>\r\nDer Mund-Nasen-Schutz wird unter der Brille getragen, sollte aber trotzdem auch im oberen Bereich gut mit der Haut abschlie\u00dfen, der eingearbeitete Draht erleichtert dies. Unsere MNS-Masken sind hautfreundlich und extrem atmungsaktiv. Daher sind sie besonders f\u00fcr Brillentr\u00e4ger geeignet.<\/p>\t\t\t\t\t\t  <\/div>\r\n\t\t\t\t\t\t<\/div>\r\n\t\t\t\t\t<\/div>\r\n\t\t\t\t\t<!-- Inner panel End -->\r\n\t\t\t\t\t\r\n\t\t\t\t\t\t\t\t\r\n\t\t\t\t\t<!-- Inner panel Start -->\r\n\t\t\t\t\t<div class=\"wpsm_panel wpsm_panel-default\">\r\n\t\t\t\t\t\t<div class=\"wpsm_panel-heading\" role=\"tab\" >\r\n\t\t\t\t\t\t  <h4 class=\"wpsm_panel-title\">\r\n\t\t\t\t\t\t\t<a  class=\"collapsed\"  data-toggle=\"collapse\" data-parent=\"#wpsm_accordion_2163 \" href=\"javascript:void(0)\" data-target=\"#ac_2163_collapse2\" onclick=\"do_resize()\">\r\n\t\t\t\t\t\t\t\t\t\t\t\t\t\t\t\t\t<span class=\"ac_open_cl_icon fa fa-plus\"><\/span>\r\n\t\t\t\t\t\t\t\t\t\r\n\t\t\t\t\t\t\t\t \r\n\t\t\t\t\t\t\t\t<span class=\"ac_title_class\">\r\n\t\t\t\t\t\t\t\t\t\t\t\t\t\t\t\t\t\t\t\t<span style=\"margin-right:6px;\" class=\"fa fa-angle-down\"><\/span>\r\n\t\t\t\t\t\t\t\t\tWelche Gr\u00f6\u00dfen gibt es?\t\t\t\t\t\t\t\t<\/span>\r\n\t\t\t\t\t\t\t<\/a>\r\n\t\t\t\t\t\t  <\/h4>\r\n\t\t\t\t\t\t<\/div>\r\n\t\t\t\t\t\t<div id=\"ac_2163_collapse2\" class=\"wpsm_panel-collapse collapse \"  >\r\n\t\t\t\t\t\t  <div class=\"wpsm_panel-body\">\r\n\t\t\t\t\t\t\t<p>Unsere Masken k\u00f6nnen Sie in verschiedenen Ohrbandl\u00e4ngen erhalten:<br>\r\n<h7><strong>S = 13-15cm<br>\r\nM = 17-18cm<br>\r\nL = 20-21<\/h7><\/strong><br>\r\nDie Standardgr\u00f6\u00dfe ist die Gr\u00f6\u00dfe M. \r\nF\u00fcr H\u00f6rger\u00e4tetr\u00e4ger empfehlen wir die Komfortgr\u00f6\u00dfe M.<\/p>\t\t\t\t\t\t  <\/div>\r\n\t\t\t\t\t\t<\/div>\r\n\t\t\t\t\t<\/div>\r\n\t\t\t\t\t<!-- Inner panel End -->\r\n\t\t\t\t\t\r\n\t\t\t\t\t\t\t\t\r\n\t\t\t\t\t<!-- Inner panel Start -->\r\n\t\t\t\t\t<div class=\"wpsm_panel wpsm_panel-default\">\r\n\t\t\t\t\t\t<div class=\"wpsm_panel-heading\" role=\"tab\" >\r\n\t\t\t\t\t\t  <h4 class=\"wpsm_panel-title\">\r\n\t\t\t\t\t\t\t<a  class=\"collapsed\"  data-toggle=\"collapse\" data-parent=\"#wpsm_accordion_2163 \" href=\"javascript:void(0)\" data-target=\"#ac_2163_collapse3\" onclick=\"do_resize()\">\r\n\t\t\t\t\t\t\t\t\t\t\t\t\t\t\t\t\t<span class=\"ac_open_cl_icon fa fa-plus\"><\/span>\r\n\t\t\t\t\t\t\t\t\t\r\n\t\t\t\t\t\t\t\t \r\n\t\t\t\t\t\t\t\t<span class=\"ac_title_class\">\r\n\t\t\t\t\t\t\t\t\t\t\t\t\t\t\t\t\t\t\t\t<span style=\"margin-right:6px;\" class=\"fa fa-angle-down\"><\/span>\r\n\t\t\t\t\t\t\t\t\tWie wasche ich meine Alltagsmaske?\t\t\t\t\t\t\t\t<\/span>\r\n\t\t\t\t\t\t\t<\/a>\r\n\t\t\t\t\t\t  <\/h4>\r\n\t\t\t\t\t\t<\/div>\r\n\t\t\t\t\t\t<div id=\"ac_2163_collapse3\" class=\"wpsm_panel-collapse collapse \"  >\r\n\t\t\t\t\t\t  <div class=\"wpsm_panel-body\">\r\n\t\t\t\t\t\t\t<p>Die Alltagsmaske bietet einen au\u00dfergew\u00f6hnlichen Tragekomfort durch ihre hohe Luftdurchl\u00e4ssigkeit. Sie ist umweltschonend, da sie widerverwendbar ist. \r\nSie k\u00f6nnen Ihre bei uns erworbene Alltagsmaske bei 60\u00b0 in der Waschmaschine ca. 25 mal waschen, in den Trockner geben, aber bitte nicht b\u00fcgeln. \r\nDiese Maske passt sich bei mehrmaligem Waschen immer besser an ihre Gesichtskonturen an.<\/p>\t\t\t\t\t\t  <\/div>\r\n\t\t\t\t\t\t<\/div>\r\n\t\t\t\t\t<\/div>\r\n\t\t\t\t\t<!-- Inner panel End -->\r\n\t\t\t\t\t\r\n\t\t\t\t\t\t\t\t\r\n\t\t\t\t\t<!-- Inner panel Start -->\r\n\t\t\t\t\t<div class=\"wpsm_panel wpsm_panel-default\">\r\n\t\t\t\t\t\t<div class=\"wpsm_panel-heading\" role=\"tab\" >\r\n\t\t\t\t\t\t  <h4 class=\"wpsm_panel-title\">\r\n\t\t\t\t\t\t\t<a  class=\"collapsed\"  data-toggle=\"collapse\" data-parent=\"#wpsm_accordion_2163 \" href=\"javascript:void(0)\" data-target=\"#ac_2163_collapse4\" onclick=\"do_resize()\">\r\n\t\t\t\t\t\t\t\t\t\t\t\t\t\t\t\t\t<span class=\"ac_open_cl_icon fa fa-plus\"><\/span>\r\n\t\t\t\t\t\t\t\t\t\r\n\t\t\t\t\t\t\t\t \r\n\t\t\t\t\t\t\t\t<span class=\"ac_title_class\">\r\n\t\t\t\t\t\t\t\t\t\t\t\t\t\t\t\t\t\t\t\t<span style=\"margin-right:6px;\" class=\"fa fa-angle-down\"><\/span>\r\n\t\t\t\t\t\t\t\t\tIst die Maske individuell bedruckbar?\t\t\t\t\t\t\t\t<\/span>\r\n\t\t\t\t\t\t\t<\/a>\r\n\t\t\t\t\t\t  <\/h4>\r\n\t\t\t\t\t\t<\/div>\r\n\t\t\t\t\t\t<div id=\"ac_2163_collapse4\" class=\"wpsm_panel-collapse collapse \"  >\r\n\t\t\t\t\t\t  <div class=\"wpsm_panel-body\">\r\n\t\t\t\t\t\t\t<p>Ja. Die Alltagsmaske ist individuell bedruckbar. F\u00fcr Vereine, Hochzeitsgesellschaften, Kommunion oder sonst einem Anlass. Sie k\u00f6nnen uns Ihren Wunsch mitteilen und die gew\u00fcnschte St\u00fcckzahl und Sie erhalten Ihre individuelle Maske.<br>\r\nBeachten Sie bitte unseren Slider. Hier sehen Sie einige Beispiele von bedruckten Masken.<\/p>\t\t\t\t\t\t  <\/div>\r\n\t\t\t\t\t\t<\/div>\r\n\t\t\t\t\t<\/div>\r\n\t\t\t\t\t<!-- Inner panel End -->\r\n\t\t\t\t\t\r\n\t\t\t\t\t\t\t\t\r\n\t\t\t\t\t<!-- Inner panel Start -->\r\n\t\t\t\t\t<div class=\"wpsm_panel wpsm_panel-default\">\r\n\t\t\t\t\t\t<div class=\"wpsm_panel-heading\" role=\"tab\" >\r\n\t\t\t\t\t\t  <h4 class=\"wpsm_panel-title\">\r\n\t\t\t\t\t\t\t<a  class=\"collapsed\"  data-toggle=\"collapse\" data-parent=\"#wpsm_accordion_2163 \" href=\"javascript:void(0)\" data-target=\"#ac_2163_collapse5\" onclick=\"do_resize()\">\r\n\t\t\t\t\t\t\t\t\t\t\t\t\t\t\t\t\t<span class=\"ac_open_cl_icon fa fa-plus\"><\/span>\r\n\t\t\t\t\t\t\t\t\t\r\n\t\t\t\t\t\t\t\t \r\n\t\t\t\t\t\t\t\t<span class=\"ac_title_class\">\r\n\t\t\t\t\t\t\t\t\t\t\t\t\t\t\t\t\t\t\t\t<span style=\"margin-right:6px;\" class=\"fa fa-laptop\"><\/span>\r\n\t\t\t\t\t\t\t\t\tDie Gr\u00f6\u00dfe S bei der Alltagsmaske\t\t\t\t\t\t\t\t<\/span>\r\n\t\t\t\t\t\t\t<\/a>\r\n\t\t\t\t\t\t  <\/h4>\r\n\t\t\t\t\t\t<\/div>\r\n\t\t\t\t\t\t<div id=\"ac_2163_collapse5\" class=\"wpsm_panel-collapse collapse \"  >\r\n\t\t\t\t\t\t  <div class=\"wpsm_panel-body\">\r\n\t\t\t\t\t\t\tDie Ohrbandl\u00e4nge einer neuen Alltagsmaske kann t\u00e4uschen. Die wirkliche L\u00e4nge stellt sich erst nach dem Waschvorgang ein.\r\nSie k\u00f6nnen Ihre bei uns erworbene Alltagsmaske bei 60\u00b0 in der Waschmaschine ca. 25 mal waschen, in den Trockner geben, aber bitte nicht b\u00fcgeln. \r\nDiese Maske passt sich bei mehrmaligem Waschen immer besser an ihre Gesichtskonturen an.\t\t\t\t\t\t  <\/div>\r\n\t\t\t\t\t\t<\/div>\r\n\t\t\t\t\t<\/div>\r\n\t\t\t\t\t<!-- Inner panel End -->\r\n\t\t\t\t\t\r\n\t\t\t\t\t\t\t\t\r\n\t\t\t\t\t<!-- Inner panel Start -->\r\n\t\t\t\t\t<div class=\"wpsm_panel wpsm_panel-default\">\r\n\t\t\t\t\t\t<div class=\"wpsm_panel-heading\" role=\"tab\" >\r\n\t\t\t\t\t\t  <h4 class=\"wpsm_panel-title\">\r\n\t\t\t\t\t\t\t<a  class=\"collapsed\"  data-toggle=\"collapse\" data-parent=\"#wpsm_accordion_2163 \" href=\"javascript:void(0)\" data-target=\"#ac_2163_collapse6\" onclick=\"do_resize()\">\r\n\t\t\t\t\t\t\t\t\t\t\t\t\t\t\t\t\t<span class=\"ac_open_cl_icon fa fa-plus\"><\/span>\r\n\t\t\t\t\t\t\t\t\t\r\n\t\t\t\t\t\t\t\t \r\n\t\t\t\t\t\t\t\t<span class=\"ac_title_class\">\r\n\t\t\t\t\t\t\t\t\t\t\t\t\t\t\t\t\t\t\t\t<span style=\"margin-right:6px;\" class=\"fa fa-angle-down\"><\/span>\r\n\t\t\t\t\t\t\t\t\tWerden ihre Masken in Deutschland produziert?\t\t\t\t\t\t\t\t<\/span>\r\n\t\t\t\t\t\t\t<\/a>\r\n\t\t\t\t\t\t  <\/h4>\r\n\t\t\t\t\t\t<\/div>\r\n\t\t\t\t\t\t<div id=\"ac_2163_collapse6\" class=\"wpsm_panel-collapse collapse \"  >\r\n\t\t\t\t\t\t  <div class=\"wpsm_panel-body\">\r\n\t\t\t\t\t\t\t<p>Ja und zwar vom ersten Produktionsprozess an. Unser Unternehmen befindet sich in Amberg im Unterallg\u00e4u. Hier ist auch unsere Produktionsst\u00e4tte.<\/p>\t\t\t\t\t\t  <\/div>\r\n\t\t\t\t\t\t<\/div>\r\n\t\t\t\t\t<\/div>\r\n\t\t\t\t\t<!-- Inner panel End -->\r\n\t\t\t\t\t\r\n\t\t\t\t\t\t\t<\/div>\r\n\t\t\t\r\n<script type=\"text\/javascript\">\r\n\t\r\n\t\tfunction do_resize(){\r\n\r\n\t\t\tvar width=jQuery( '.wpsm_panel .wpsm_panel-body iframe' ).width();\r\n\t\t\tvar height=jQuery( '.wpsm_panel .wpsm_panel-body iframe' ).height();\r\n\r\n\t\t\tvar toggleSize = true;\r\n\t\t\tjQuery('iframe').animate({\r\n\t\t\t    width: toggleSize ? width : 640,\r\n\t\t\t    height: toggleSize ? height : 360\r\n\t\t\t  }, 250);\r\n\r\n\t\t\t  toggleSize = !toggleSize;\r\n\t\t}\r\n\t\t\r\n<\/script>\t\n","protected":false},"excerpt":{"rendered":"","protected":false},"author":2,"featured_media":0,"parent":0,"menu_order":0,"comment_status":"closed","ping_status":"closed","template":"no-sidebar.php","meta":[],"_links":{"self":[{"href":"https:\/\/www.lacuna-air.de\/index.php?rest_route=\/wp\/v2\/pages\/2161"}],"collection":[{"href":"https:\/\/www.lacuna-air.de\/index.php?rest_route=\/wp\/v2\/pages"}],"about":[{"href":"https:\/\/www.lacuna-air.de\/index.php?rest_route=\/wp\/v2\/types\/page"}],"author":[{"embeddable":true,"href":"https:\/\/www.lacuna-air.de\/index.php?rest_route=\/wp\/v2\/users\/2"}],"replies":[{"embeddable":true,"href":"https:\/\/www.lacuna-air.de\/index.php?rest_route=%2Fwp%2Fv2%2Fcomments&post=2161"}],"version-history":[{"count":2,"href":"https:\/\/www.lacuna-air.de\/index.php?rest_route=\/wp\/v2\/pages\/2161\/revisions"}],"predecessor-version":[{"id":2164,"href":"https:\/\/www.lacuna-air.de\/index.php?rest_route=\/wp\/v2\/pages\/2161\/revisions\/2164"}],"wp:attachment":[{"href":"https:\/\/www.lacuna-air.de\/index.php?rest_route=%2Fwp%2Fv2%2Fmedia&parent=2161"}],"curies":[{"name":"wp","href":"https:\/\/api.w.org\/{rel}","templated":true}]}}