{"id":188,"date":"2018-05-16T13:52:36","date_gmt":"2018-05-16T13:52:36","guid":{"rendered":"http:\/\/luft-und-klimatechnik.lacuna-air.de\/?page_id=188"},"modified":"2018-09-25T09:51:01","modified_gmt":"2018-09-25T09:51:01","slug":"regelungstechnik","status":"publish","type":"page","link":"https:\/\/www.lacuna-air.de\/?page_id=188","title":{"rendered":"Regelungstechnik"},"content":{"rendered":"<p><img loading=\"lazy\" class=\"alignnone size-full wp-image-1481\" src=\"http:\/\/luft-und-klimatechnik.lacuna-air.de\/wp-content\/uploads\/2018\/07\/REGELUNGSTECHNIK.jpg\" alt=\"\" width=\"961\" height=\"780\" srcset=\"https:\/\/www.lacuna-air.de\/wp-content\/uploads\/2018\/07\/REGELUNGSTECHNIK.jpg 961w, https:\/\/www.lacuna-air.de\/wp-content\/uploads\/2018\/07\/REGELUNGSTECHNIK-300x243.jpg 300w, https:\/\/www.lacuna-air.de\/wp-content\/uploads\/2018\/07\/REGELUNGSTECHNIK-768x623.jpg 768w, https:\/\/www.lacuna-air.de\/wp-content\/uploads\/2018\/07\/REGELUNGSTECHNIK-600x487.jpg 600w\" sizes=\"(max-width: 961px) 100vw, 961px\" \/><\/p>\n<p>Volumenstromregler, Regelklappen und L\u00fcftungsboxen regulieren Str\u00f6mungs- und Druckverh\u00e4ltnisse der Rohrnetzleitung.<\/p>\n<p>Wir arbeiten ausschlie\u00dflich mit namhaften Partnern zusammen.<\/p>\n<p><a href=\"http:\/\/luft-und-klimatechnik.lacuna-air.de\/?product_cat=regelungstechnik\"><strong>Besuchen Sie unsere Produktpalette.<\/strong><\/a><\/p>\n","protected":false},"excerpt":{"rendered":"<p>Volumenstromregler, Regelklappen und L\u00fcftungsboxen regulieren Str\u00f6mungs- und Druckverh\u00e4ltnisse der Rohrnetzleitung. Wir arbeiten ausschlie\u00dflich mit namhaften Partnern zusammen. Besuchen Sie unsere Produktpalette.<\/p>\n","protected":false},"author":2,"featured_media":194,"parent":0,"menu_order":0,"comment_status":"closed","ping_status":"closed","template":"","meta":[],"_links":{"self":[{"href":"https:\/\/www.lacuna-air.de\/index.php?rest_route=\/wp\/v2\/pages\/188"}],"collection":[{"href":"https:\/\/www.lacuna-air.de\/index.php?rest_route=\/wp\/v2\/pages"}],"about":[{"href":"https:\/\/www.lacuna-air.de\/index.php?rest_route=\/wp\/v2\/types\/page"}],"author":[{"embeddable":true,"href":"https:\/\/www.lacuna-air.de\/index.php?rest_route=\/wp\/v2\/users\/2"}],"replies":[{"embeddable":true,"href":"https:\/\/www.lacuna-air.de\/index.php?rest_route=%2Fwp%2Fv2%2Fcomments&post=188"}],"version-history":[{"count":13,"href":"https:\/\/www.lacuna-air.de\/index.php?rest_route=\/wp\/v2\/pages\/188\/revisions"}],"predecessor-version":[{"id":1613,"href":"https:\/\/www.lacuna-air.de\/index.php?rest_route=\/wp\/v2\/pages\/188\/revisions\/1613"}],"wp:featuredmedia":[{"embeddable":true,"href":"https:\/\/www.lacuna-air.de\/index.php?rest_route=\/wp\/v2\/media\/194"}],"wp:attachment":[{"href":"https:\/\/www.lacuna-air.de\/index.php?rest_route=%2Fwp%2Fv2%2Fmedia&parent=188"}],"curies":[{"name":"wp","href":"https:\/\/api.w.org\/{rel}","templated":true}]}}