{"id":1767,"date":"2020-06-05T08:56:30","date_gmt":"2020-06-05T08:56:30","guid":{"rendered":"https:\/\/www.lacuna-air.de\/?page_id=1767"},"modified":"2021-10-06T09:00:29","modified_gmt":"2021-10-06T09:00:29","slug":"medizinische-gesichtsmaske","status":"publish","type":"page","link":"https:\/\/www.lacuna-air.de\/?page_id=1767","title":{"rendered":"Medizinische Maske MNS Premium II"},"content":{"rendered":"<p><strong>f\u00fcr den medizinischen Bereich<img loading=\"lazy\" class=\" wp-image-2319 alignleft\" src=\"https:\/\/www.lacuna-air.de\/wp-content\/uploads\/2021\/10\/med-maske.png\" alt=\"Medizinische Maske\" width=\"502\" height=\"367\" \/><\/strong><br \/>\nDiese Masken bieten \u00fcberlegene Effizienz und au\u00dfergew\u00f6hnlichen Komfort. Diese Schutzma\u00dfnahmen werden hier in Bayern aus qualitativ hochwertigen Materialien unter Einhaltung der deutschen Hygienevorschriften gefertigt und verpackt. Somit k\u00f6nnen wir garantieren, dass sie den h\u00f6chsten Standards entsprechen. Die Maske ist f\u00fcr den einmaligen Gebrauch bestimmt mit Maximaleinsatz von 4-6 Stunden.<\/p>\n<p><strong>Vorteile:<br \/>\n<\/strong>\u2022\u00a0H\u00f6chste Effizienz bei der Filtration von Bakterienpartikeln &gt; 99%<br \/>\n\u2022 Hohe Best\u00e4ndigkeit gegen Fl\u00fcssigkeiten und Aerosole<br \/>\n\u2022 Komfortabel und extrem atmungsaktiv<br \/>\n\u2022 Hoher Tragekomfort durch \u00d6kotex Ohrschlaufen (latexfrei) und einfach im Gebrauch<br \/>\n\u2022 EN14683 zertifiziert, daher zugelassen im medizinischen Bereich<br \/>\n\u2022 CE zertifiziert<br \/>\n\u2022 Hergestellt in Bayern mit deutschem Firmensitz<br \/>\n\u2022 Zus\u00e4tzliche firmeneigene Lieferlogistik<\/p>\n<p style=\"text-align: left;\"><strong>Charakteristiken:<a href=\"https:\/\/www.lacuna-air.de\/wp-content\/uploads\/2020\/06\/DELTRIAN-medizinische-Maske.pdf\" target=\"_blank\" rel=\"noopener noreferrer\"><img loading=\"lazy\" class=\"alignnone size-full wp-image-1844\" src=\"https:\/\/www.lacuna-air.de\/wp-content\/uploads\/2020\/07\/atmungsaktiv-neu.png\" alt=\"\" width=\"300\" height=\"100\" \/><\/a><\/strong><br \/>\n\u2022 Gute Anpassung ans Gesicht durch flexible Ohrschlaufen aus \u00d6kotex-Material<br \/>\n\u2022 Integrierter Nasenfl\u00fcgel, anatomisch einstellbar<br \/>\n\u2022 Gr\u00f6\u00dfe: 17.5 cm (\u00b1 0.5 cm) 9.5 cm (\u00b1 0.5 cm)<\/p>\n<p style=\"text-align: left;\"><strong>Material:\u00a0<\/strong>3-Schichten Propylen, Au\u00dfenfarbe: blau &#8211; Innenfarbe: wei\u00df<br \/>\n<strong>Verpackungseinheiten:\u00a0<\/strong>50 St\u00fcck \/ Packung, 18 VPE \/ Karton<br \/>\n<strong>Technische Daten:\u00a0<\/strong>APC-Partikelemission \u2265 0,5 \u03bcm\u00a0 &#8211; 289 Partikel \/ St\u00fcck 1<strong><br \/>\n<\/strong><\/p>\n<p><img loading=\"lazy\" class=\" wp-image-1804 alignleft\" src=\"https:\/\/www.lacuna-air.de\/wp-content\/uploads\/2020\/06\/grafik-m-maskek.png\" alt=\"\" width=\"500\" height=\"127\" srcset=\"https:\/\/www.lacuna-air.de\/wp-content\/uploads\/2020\/06\/grafik-m-maskek.png 600w, https:\/\/www.lacuna-air.de\/wp-content\/uploads\/2020\/06\/grafik-m-maskek-300x76.png 300w\" sizes=\"(max-width: 500px) 100vw, 500px\" \/><\/p>\n<p>Auslaufsicheres Vlies<br \/>\nHochdichte Filterschicht<br \/>\nHautfreundliche Schicht<\/p>\n<table>\n<tbody>\n<tr>\n<th style=\"text-align: left;\"><strong>Werte<\/strong><\/th>\n<th><\/th>\n<th style=\"text-align: left;\"><strong>Testmethode<\/strong><\/th>\n<\/tr>\n<tr>\n<td>Bakterienfiltereffizienz (BFE)<\/td>\n<td>&gt; 99%<\/td>\n<td>ASTM F2101-14, EN 16890-2: 2016, Annex C, AS4381: 2015<\/td>\n<\/tr>\n<tr>\n<td>Partikelfilterwirksamkeit (PFE)<\/td>\n<td>&gt; 99%<\/td>\n<td>&#8211;<\/td>\n<\/tr>\n<tr>\n<td>Delta P.<\/td>\n<td>&lt; 3,0 mm H20\/ cm\u00b2<\/td>\n<td>&#8211;<\/td>\n<\/tr>\n<\/tbody>\n<\/table>\n<p><strong>Herstellung, Zertifikation und Vertrieb: <img loading=\"lazy\" class=\"alignnone size-full wp-image-1731\" src=\"https:\/\/www.lacuna-air.de\/wp-content\/uploads\/2020\/06\/regionales-produkt.png\" alt=\"\" width=\"118\" height=\"49\" \/><br \/>\n<\/strong>LACUNA AIR ist ein Unternehmen mit langj\u00e4hriger Erfahrung im L\u00fcftungsbereich und ist f\u00fcr die Produktion zust\u00e4ndig. Firmensitz und Produktionsst\u00e4tte sind im Unterallg\u00e4u\/ Bayern. Das gemeinsame Know How spiegelt sich in der Qualit\u00e4t der Masken wider. Sie sind zertifiziert und hautfreundlich.<\/p>\n<p><a href=\"https:\/\/www.lacuna-air.de\/wp-content\/uploads\/2021\/10\/Produktblatt_Medizinische-Maske-MNS-Premium-II.pdf\" target=\"_blank\" rel=\"noopener\"><strong>Produktblatt &#8211; Medizinische Maske MNS Premium II:<\/strong><\/a> Produktblatt zum Ausdruck<\/p>\n<p>Wenn Sie Interesse haben, bestellen Sie bitte unter:<\/p>\n<h3><strong><a href=\"http:\/\/www.allgaeu-maske.de\" target=\"_blank\" rel=\"noopener noreferrer\">www.allgaeu-maske.de<\/a><\/strong><\/h3>\n<p><a href=\"mailto:maske.deltrian@lacuna-air.de\">maske@lacuna-air.de<\/a> oder telefonisch unter Tel. <strong>08241-9185401<br \/>\n<\/strong><\/p>\n","protected":false},"excerpt":{"rendered":"<p>f\u00fcr den medizinischen Bereich Diese Masken bieten \u00fcberlegene Effizienz und au\u00dfergew\u00f6hnlichen Komfort. Diese Schutzma\u00dfnahmen werden hier in Bayern aus qualitativ hochwertigen Materialien unter Einhaltung der deutschen Hygienevorschriften gefertigt und verpackt. Somit k\u00f6nnen wir garantieren, dass sie den h\u00f6chsten Standards entsprechen. Die Maske ist f\u00fcr den einmaligen Gebrauch bestimmt mit Maximaleinsatz von 4-6 Stunden. Vorteile: \u2022\u00a0H\u00f6chste Effizienz bei der Filtration von Bakterienpartikeln &gt; 99% \u2022 Hohe Best\u00e4ndigkeit gegen Fl\u00fcssigkeiten und Aerosole \u2022 Komfortabel und extrem atmungsaktiv \u2022 Hoher Tragekomfort durch \u00d6kotex Ohrschlaufen (latexfrei) und einfach im Gebrauch \u2022 EN14683 zertifiziert, daher zugelassen im medizinischen Bereich \u2022 CE zertifiziert \u2022 Hergestellt in&#8230; <\/p>\n","protected":false},"author":2,"featured_media":0,"parent":1714,"menu_order":0,"comment_status":"closed","ping_status":"closed","template":"full-width.php","meta":[],"_links":{"self":[{"href":"https:\/\/www.lacuna-air.de\/index.php?rest_route=\/wp\/v2\/pages\/1767"}],"collection":[{"href":"https:\/\/www.lacuna-air.de\/index.php?rest_route=\/wp\/v2\/pages"}],"about":[{"href":"https:\/\/www.lacuna-air.de\/index.php?rest_route=\/wp\/v2\/types\/page"}],"author":[{"embeddable":true,"href":"https:\/\/www.lacuna-air.de\/index.php?rest_route=\/wp\/v2\/users\/2"}],"replies":[{"embeddable":true,"href":"https:\/\/www.lacuna-air.de\/index.php?rest_route=%2Fwp%2Fv2%2Fcomments&post=1767"}],"version-history":[{"count":56,"href":"https:\/\/www.lacuna-air.de\/index.php?rest_route=\/wp\/v2\/pages\/1767\/revisions"}],"predecessor-version":[{"id":2323,"href":"https:\/\/www.lacuna-air.de\/index.php?rest_route=\/wp\/v2\/pages\/1767\/revisions\/2323"}],"up":[{"embeddable":true,"href":"https:\/\/www.lacuna-air.de\/index.php?rest_route=\/wp\/v2\/pages\/1714"}],"wp:attachment":[{"href":"https:\/\/www.lacuna-air.de\/index.php?rest_route=%2Fwp%2Fv2%2Fmedia&parent=1767"}],"curies":[{"name":"wp","href":"https:\/\/api.w.org\/{rel}","templated":true}]}}