{"id":1764,"date":"2020-06-05T08:54:57","date_gmt":"2020-06-05T08:54:57","guid":{"rendered":"https:\/\/www.lacuna-air.de\/?page_id=1764"},"modified":"2021-10-06T08:54:03","modified_gmt":"2021-10-06T08:54:03","slug":"deltrigex-alltagsmaske-cat-ii","status":"publish","type":"page","link":"https:\/\/www.lacuna-air.de\/?page_id=1764","title":{"rendered":"Alltagsmaske MNS Premium I"},"content":{"rendered":"<p><strong>waschbar und umweltfreundlich<img loading=\"lazy\" class=\"wp-image-2308 alignleft\" src=\"https:\/\/www.lacuna-air.de\/wp-content\/uploads\/2021\/10\/alltagsmasken.png\" alt=\"Alltagsmasken\" width=\"541\" height=\"365\" \/><\/strong><br \/>Diese Maske ist f\u00fcr jedermann, kein medizinisches Produkt und keine Schutzausr\u00fcstung. Sie bietet einen au\u00dfergew\u00f6hnlichen Tragekomfort durch ihre hohe Luftdurchl\u00e4ssigkeit. Sie ist umweltschonend, da sie bei 60\u00b0 maschinenwaschbar ist.<\/p>\n<p><strong>Verpackungseinheiten:<br \/><\/strong>10 St\u00fcck \/Faltetui<br \/>20 St\u00fcck \/ Packung<br \/>50 St\u00fcck \/ Packung<\/p>\n<p><img loading=\"lazy\" class=\"alignnone wp-image-2311 \" src=\"https:\/\/www.lacuna-air.de\/wp-content\/uploads\/2021\/10\/waschsiegel.png\" alt=\"Waschsiegel\" width=\"510\" height=\"127\" \/><br \/><strong>Vorteile:<br \/><\/strong>\u2022 &gt;93% Wirkungsgrad f\u00fcr die Filtration von Bakterienpartikeln gem\u00e4\u00df EN14683: 2019 AC2019<br \/>\u2022 Extrem atmungsaktiv &gt; 160 l \/ (m2s) gem\u00e4\u00df ISO 9237 (1995)<br \/>\u2022 Hohe Best\u00e4ndigkeit gegen Fl\u00fcssigkeiten und Aerosole<br \/>\u2022 Mund- Nasenschutz gem\u00e4\u00df franz\u00f6sischer AFNOR-Verordnung SPEC S76-001<br \/>\u2022 Komfort im Gebrauch, geringes Gewicht und angenehmes Hautgef\u00fchl<br \/>\u2022 Hergestellt in Bayern mit deutschem Firmensitz<br \/>\u2022 Zus\u00e4tzliche firmeneigene Lieferlogistik<\/p>\n<p><strong>Charakteristiken:<a href=\"https:\/\/www.lacuna-air.de\/wp-content\/uploads\/2020\/06\/DELTRIAN-medizinische-Maske.pdf\" target=\"_blank\" rel=\"noopener noreferrer\"><img loading=\"lazy\" class=\"alignnone size-full wp-image-1844\" src=\"https:\/\/www.lacuna-air.de\/wp-content\/uploads\/2020\/07\/atmungsaktiv-neu.png\" alt=\"\" width=\"300\" height=\"100\" \/><\/a><br \/><\/strong>\u2022 Gute Anpassung ans Gesicht durch flexible Ohrschlaufen aus \u00d6kotex-Material<br \/>\u2022 Integrierter Nasenfl\u00fcgel, anatomisch einstellbar<br \/>\u2022 Gr\u00f6\u00dfe: 17.5 cm (\u00b1 0.5 cm) 9.5 cm (\u00b1 0.5 cm)<br \/>\u2022 Farbe: wei\u00df<\/p>\n<p><strong>Technische Daten:<br \/><\/strong>APC-Partikelemission \u2265 0,5 \u03bcm\u00a0 &#8211; 289 Partikel \/ St\u00fcck 1<strong><br \/><\/strong><\/p>\n<p><img loading=\"lazy\" class=\"alignnone wp-image-1773\" src=\"https:\/\/www.lacuna-air.de\/wp-content\/uploads\/2020\/06\/alltagssmaske-filter.png\" alt=\"\" width=\"978\" height=\"144\" \/><\/p>\n<p><strong>Material:<\/strong><br \/>einzigartige Meltblown-Technologie, mehrschichtiges 3-in-1 lagiges Verbundmaterial<\/p>\n<table>\n<tbody>\n<tr>\n<th style=\"text-align: left;\"><strong>Werte<\/strong><\/th>\n<th>\u00a0<\/th>\n<th style=\"text-align: left;\"><strong>Testmethode<\/strong><\/th>\n<\/tr>\n<tr>\n<td>Bakterienfiltereffizienz (BFE)<\/td>\n<td>&gt; 93%<\/td>\n<td>ASTM F2101-14, EN 14683: 2019, Annex C, AS4381: 2015<\/td>\n<\/tr>\n<tr>\n<td>Luftdurchl\u00e4ssigkeit<\/td>\n<td>\u00a0&gt; 160 l \/ (m\u00b2.s)<\/td>\n<td>ISO 9237 (1995)<\/td>\n<\/tr>\n<tr>\n<td>Effizienz der Filtermedien<\/td>\n<td>\u00a0&gt; 93%<\/td>\n<td>ISO 16890-2 (2016)<\/td>\n<\/tr>\n<\/tbody>\n<\/table>\n<p><strong>Herstellung, Zertifikation und Vertrieb: <img loading=\"lazy\" class=\"alignnone size-full wp-image-1731\" src=\"https:\/\/www.lacuna-air.de\/wp-content\/uploads\/2020\/06\/regionales-produkt.png\" alt=\"\" width=\"118\" height=\"49\" \/><br \/><\/strong>LACUNA AIR ist ein Unternehmen mit langj\u00e4hriger Erfahrung im L\u00fcftungsbereich und ist f\u00fcr die Produktion zust\u00e4ndig. Firmensitz und Produktionsst\u00e4tte sind im Unterallg\u00e4u\/ Bayern. Das gemeinsame Know How spiegelt sich in der Qualit\u00e4t der Masken wider. Sie sind zertifiziert und hautfreundlich.<\/p>\n<p><strong><a href=\"https:\/\/www.lacuna-air.de\/wp-content\/uploads\/2021\/09\/Produktblatt_Alltagsmaske-MNS-Premium-I.pdf\" target=\"_blank\" rel=\"noopener\">Produktblatt Alltagsmaske MNS Premium I:<\/a> <\/strong>Produktblatt zum Ausdruck<\/p>\n<p>Wenn Sie Interesse haben, bestellen Sie bitte unter:<\/p>\n<h3><strong><a href=\"http:\/\/www.allgaeu-maske.de\" target=\"_blank\" rel=\"noopener noreferrer\">www.allgaeu-maske.de<\/a><\/strong><\/h3>\n<p><a href=\"mailto:maske@lacuna-air.de\">maske@lacuna-air.de<\/a> oder telefonisch unter Tel. <strong>08241-9185401<br \/><\/strong><\/p>\n\n\n<p><\/p>\n","protected":false},"excerpt":{"rendered":"<p>waschbar und umweltfreundlichDiese Maske ist f\u00fcr jedermann, kein medizinisches Produkt und keine Schutzausr\u00fcstung. Sie bietet einen au\u00dfergew\u00f6hnlichen Tragekomfort durch ihre hohe Luftdurchl\u00e4ssigkeit. Sie ist umweltschonend, da sie bei 60\u00b0 maschinenwaschbar ist. Verpackungseinheiten:10 St\u00fcck \/Faltetui20 St\u00fcck \/ Packung50 St\u00fcck \/ Packung Vorteile:\u2022 &gt;93% Wirkungsgrad f\u00fcr die Filtration von Bakterienpartikeln gem\u00e4\u00df EN14683: 2019 AC2019\u2022 Extrem atmungsaktiv &gt; 160 l \/ (m2s) gem\u00e4\u00df ISO 9237 (1995)\u2022 Hohe Best\u00e4ndigkeit gegen Fl\u00fcssigkeiten und Aerosole\u2022 Mund- Nasenschutz gem\u00e4\u00df franz\u00f6sischer AFNOR-Verordnung SPEC S76-001\u2022 Komfort im Gebrauch, geringes Gewicht und angenehmes Hautgef\u00fchl\u2022 Hergestellt in Bayern mit deutschem Firmensitz\u2022 Zus\u00e4tzliche firmeneigene Lieferlogistik Charakteristiken:\u2022 Gute Anpassung ans Gesicht durch flexible&#8230; <\/p>\n","protected":false},"author":2,"featured_media":0,"parent":1714,"menu_order":0,"comment_status":"closed","ping_status":"closed","template":"full-width.php","meta":[],"_links":{"self":[{"href":"https:\/\/www.lacuna-air.de\/index.php?rest_route=\/wp\/v2\/pages\/1764"}],"collection":[{"href":"https:\/\/www.lacuna-air.de\/index.php?rest_route=\/wp\/v2\/pages"}],"about":[{"href":"https:\/\/www.lacuna-air.de\/index.php?rest_route=\/wp\/v2\/types\/page"}],"author":[{"embeddable":true,"href":"https:\/\/www.lacuna-air.de\/index.php?rest_route=\/wp\/v2\/users\/2"}],"replies":[{"embeddable":true,"href":"https:\/\/www.lacuna-air.de\/index.php?rest_route=%2Fwp%2Fv2%2Fcomments&post=1764"}],"version-history":[{"count":72,"href":"https:\/\/www.lacuna-air.de\/index.php?rest_route=\/wp\/v2\/pages\/1764\/revisions"}],"predecessor-version":[{"id":2318,"href":"https:\/\/www.lacuna-air.de\/index.php?rest_route=\/wp\/v2\/pages\/1764\/revisions\/2318"}],"up":[{"embeddable":true,"href":"https:\/\/www.lacuna-air.de\/index.php?rest_route=\/wp\/v2\/pages\/1714"}],"wp:attachment":[{"href":"https:\/\/www.lacuna-air.de\/index.php?rest_route=%2Fwp%2Fv2%2Fmedia&parent=1764"}],"curies":[{"name":"wp","href":"https:\/\/api.w.org\/{rel}","templated":true}]}}