{"id":1614,"date":"2018-09-25T10:17:08","date_gmt":"2018-09-25T10:17:08","guid":{"rendered":"http:\/\/luft-und-klimatechnik.lacuna-air.de\/?page_id=1614"},"modified":"2018-09-25T10:17:29","modified_gmt":"2018-09-25T10:17:29","slug":"absaugfiltertechnik","status":"publish","type":"page","link":"https:\/\/www.lacuna-air.de\/?page_id=1614","title":{"rendered":"Absaugfiltertechnik"},"content":{"rendered":"<p><img loading=\"lazy\" class=\"alignnone size-full wp-image-1615\" src=\"http:\/\/luft-und-klimatechnik.lacuna-air.de\/wp-content\/uploads\/2018\/09\/absaugfiltertechnik.jpg\" alt=\"\" width=\"961\" height=\"780\" srcset=\"https:\/\/www.lacuna-air.de\/wp-content\/uploads\/2018\/09\/absaugfiltertechnik.jpg 961w, https:\/\/www.lacuna-air.de\/wp-content\/uploads\/2018\/09\/absaugfiltertechnik-300x243.jpg 300w, https:\/\/www.lacuna-air.de\/wp-content\/uploads\/2018\/09\/absaugfiltertechnik-768x623.jpg 768w, https:\/\/www.lacuna-air.de\/wp-content\/uploads\/2018\/09\/absaugfiltertechnik-600x487.jpg 600w\" sizes=\"(max-width: 961px) 100vw, 961px\" \/><\/p>\n<p>Dem Thema Staub wird heute eine wesentlich h\u00f6here Bedeutung beigemessen als es fr\u00fcher der Fall war. Der Grund hierf\u00fcr ist\u00a0 zum Teil in den Anforderungen bestimmter Fertigungsverfahren zu sehen, aber auch im Schutz der Gesundheit. Staubprobleme zeigen sich in vielf\u00e4ltiger Form. Ihr Schweregrad variiert von einer geringen Bel\u00e4stigung bis zu ernstlichen Gesundheitsst\u00f6rungen oder gar zu Explosionsgefahr. Bei wertvollen St\u00e4uben ist eine R\u00fcckgewinnung erstrebenswert. Die st\u00e4ndig steigenden Anforderungen der internationalen Gesetzgebung in Bezug auf die Kontrolle gef\u00e4hrlicher Substanzen setzt f\u00fcr alle Industriezweige neue Normen. In einigen F\u00e4llen kann den Vorschriften relativ einfach entsprochen werden, in anderen F\u00e4llen sind komplexe Anlagen erforderlich.<\/p>\n<p><strong><a href=\"http:\/\/luft-und-klimatechnik.lacuna-air.de\/?product_cat=absaugfiltertechnik\">Besuchen Sie unsere Produktpalette.<\/a><\/strong><\/p>\n","protected":false},"excerpt":{"rendered":"<p>Dem Thema Staub wird heute eine wesentlich h\u00f6here Bedeutung beigemessen als es fr\u00fcher der Fall war. Der Grund hierf\u00fcr ist\u00a0 zum Teil in den Anforderungen bestimmter Fertigungsverfahren zu sehen, aber auch im Schutz der Gesundheit. Staubprobleme zeigen sich in vielf\u00e4ltiger Form. Ihr Schweregrad variiert von einer geringen Bel\u00e4stigung bis zu ernstlichen Gesundheitsst\u00f6rungen oder gar zu Explosionsgefahr. Bei wertvollen St\u00e4uben ist eine R\u00fcckgewinnung erstrebenswert. Die st\u00e4ndig steigenden Anforderungen der internationalen Gesetzgebung in Bezug auf die Kontrolle gef\u00e4hrlicher Substanzen setzt f\u00fcr alle Industriezweige neue Normen. In einigen F\u00e4llen kann den Vorschriften relativ einfach entsprochen werden, in anderen F\u00e4llen sind komplexe Anlagen erforderlich&#8230;. <\/p>\n","protected":false},"author":2,"featured_media":0,"parent":0,"menu_order":0,"comment_status":"closed","ping_status":"closed","template":"","meta":[],"_links":{"self":[{"href":"https:\/\/www.lacuna-air.de\/index.php?rest_route=\/wp\/v2\/pages\/1614"}],"collection":[{"href":"https:\/\/www.lacuna-air.de\/index.php?rest_route=\/wp\/v2\/pages"}],"about":[{"href":"https:\/\/www.lacuna-air.de\/index.php?rest_route=\/wp\/v2\/types\/page"}],"author":[{"embeddable":true,"href":"https:\/\/www.lacuna-air.de\/index.php?rest_route=\/wp\/v2\/users\/2"}],"replies":[{"embeddable":true,"href":"https:\/\/www.lacuna-air.de\/index.php?rest_route=%2Fwp%2Fv2%2Fcomments&post=1614"}],"version-history":[{"count":2,"href":"https:\/\/www.lacuna-air.de\/index.php?rest_route=\/wp\/v2\/pages\/1614\/revisions"}],"predecessor-version":[{"id":1617,"href":"https:\/\/www.lacuna-air.de\/index.php?rest_route=\/wp\/v2\/pages\/1614\/revisions\/1617"}],"wp:attachment":[{"href":"https:\/\/www.lacuna-air.de\/index.php?rest_route=%2Fwp%2Fv2%2Fmedia&parent=1614"}],"curies":[{"name":"wp","href":"https:\/\/api.w.org\/{rel}","templated":true}]}}