{"id":1445,"date":"2018-07-20T10:58:35","date_gmt":"2018-07-20T10:58:35","guid":{"rendered":"http:\/\/luft-und-klimatechnik.lacuna-air.de\/?page_id=1445"},"modified":"2018-09-25T10:38:24","modified_gmt":"2018-09-25T10:38:24","slug":"brandschutztechnik","status":"publish","type":"page","link":"https:\/\/www.lacuna-air.de\/?page_id=1445","title":{"rendered":"Brandschutz &#038; Entrauchung"},"content":{"rendered":"<p><img loading=\"lazy\" class=\"alignnone wp-image-1470 size-full\" src=\"http:\/\/luft-und-klimatechnik.lacuna-air.de\/wp-content\/uploads\/2018\/07\/brandschutz-2.jpg\" alt=\"\" width=\"961\" height=\"790\" srcset=\"https:\/\/www.lacuna-air.de\/wp-content\/uploads\/2018\/07\/brandschutz-2.jpg 961w, https:\/\/www.lacuna-air.de\/wp-content\/uploads\/2018\/07\/brandschutz-2-300x247.jpg 300w, https:\/\/www.lacuna-air.de\/wp-content\/uploads\/2018\/07\/brandschutz-2-768x631.jpg 768w, https:\/\/www.lacuna-air.de\/wp-content\/uploads\/2018\/07\/brandschutz-2-600x493.jpg 600w\" sizes=\"(max-width: 961px) 100vw, 961px\" \/><\/p>\n<p>Brandschutzklappen f\u00fcr den vorbeugenden und abwehrenden\u00a0Brandschutz in allen Bereichen von Industrie und Handwerk, von Handel und Verwaltung, und selbstverst\u00e4ndlich auch f\u00fcr den Privathaushalt. Ein sinnvolles aktuelles, leistungsf\u00e4higes Sicherheitsmanagement ist unabdingbar f\u00fcr Personenschutz, Unterst\u00fctzung der L\u00f6sch\u00ad- und Rettungsarbeiten der Feuerwehr und Sachschutz (kurze Betriebsunterbrechungen)<\/p>\n<ul>\n<li>Schnelle Branderkennung und -meldung \u2013 auch bei niedriger Temperaturentwicklung.<\/li>\n<li>Verhindern der Brandausbreitung und des Rauch\u00fcbertritts in Fluchtwege oder angrenzende Aufenthaltsbereiche durch Ausl\u00f6sen der Brandschutz- und Entrauchungsklappen.<\/li>\n<li>Automatisches Ausl\u00f6sen der Entrauchungsanlage.<\/li>\n<li>\u00dcberdruckhaltung in Fluren, Treppenr\u00e4umen, Flucht-\u00ad und Rettungswegen mit entsprechenden Rauchschutzdruckanlagen (RDA)<\/li>\n<li>Rauchfreihaltung der Rettungswege, damit sich Personen selbst in Sicherheit bringen k\u00f6nnen.<\/li>\n<li>Halten der Aufz\u00fcge nur noch in den Ebenen, in denen kein Rauch gemeldet wird.<\/li>\n<\/ul>\n<p>Auch in diesem Bereich arbeiten mit namhaften Produktherstellern zusammen.<\/p>\n<p><a href=\"http:\/\/luft-und-klimatechnik.lacuna-air.de\/?product_cat=brandschutztechnik\">Besuchen Sie unsere Produktpalette f\u00fcr Brandschutztechnik.<\/a><\/p>\n<p><a href=\"http:\/\/luft-und-klimatechnik.lacuna-air.de\/?product_cat=entrauchungstechnik\">Besuchen Sie unsere Produktpalette f\u00fcr Entrauchungstechnik.<\/a><\/p>\n","protected":false},"excerpt":{"rendered":"<p>Brandschutzklappen f\u00fcr den vorbeugenden und abwehrenden\u00a0Brandschutz in allen Bereichen von Industrie und Handwerk, von Handel und Verwaltung, und selbstverst\u00e4ndlich auch f\u00fcr den Privathaushalt. Ein sinnvolles aktuelles, leistungsf\u00e4higes Sicherheitsmanagement ist unabdingbar f\u00fcr Personenschutz, Unterst\u00fctzung der L\u00f6sch\u00ad- und Rettungsarbeiten der Feuerwehr und Sachschutz (kurze Betriebsunterbrechungen) Schnelle Branderkennung und -meldung \u2013 auch bei niedriger Temperaturentwicklung. Verhindern der Brandausbreitung und des Rauch\u00fcbertritts in Fluchtwege oder angrenzende Aufenthaltsbereiche durch Ausl\u00f6sen der Brandschutz- und Entrauchungsklappen. Automatisches Ausl\u00f6sen der Entrauchungsanlage. \u00dcberdruckhaltung in Fluren, Treppenr\u00e4umen, Flucht-\u00ad und Rettungswegen mit entsprechenden Rauchschutzdruckanlagen (RDA) Rauchfreihaltung der Rettungswege, damit sich Personen selbst in Sicherheit bringen k\u00f6nnen. Halten der Aufz\u00fcge nur noch&#8230; <\/p>\n","protected":false},"author":2,"featured_media":0,"parent":0,"menu_order":0,"comment_status":"closed","ping_status":"closed","template":"","meta":[],"_links":{"self":[{"href":"https:\/\/www.lacuna-air.de\/index.php?rest_route=\/wp\/v2\/pages\/1445"}],"collection":[{"href":"https:\/\/www.lacuna-air.de\/index.php?rest_route=\/wp\/v2\/pages"}],"about":[{"href":"https:\/\/www.lacuna-air.de\/index.php?rest_route=\/wp\/v2\/types\/page"}],"author":[{"embeddable":true,"href":"https:\/\/www.lacuna-air.de\/index.php?rest_route=\/wp\/v2\/users\/2"}],"replies":[{"embeddable":true,"href":"https:\/\/www.lacuna-air.de\/index.php?rest_route=%2Fwp%2Fv2%2Fcomments&post=1445"}],"version-history":[{"count":21,"href":"https:\/\/www.lacuna-air.de\/index.php?rest_route=\/wp\/v2\/pages\/1445\/revisions"}],"predecessor-version":[{"id":1621,"href":"https:\/\/www.lacuna-air.de\/index.php?rest_route=\/wp\/v2\/pages\/1445\/revisions\/1621"}],"wp:attachment":[{"href":"https:\/\/www.lacuna-air.de\/index.php?rest_route=%2Fwp%2Fv2%2Fmedia&parent=1445"}],"curies":[{"name":"wp","href":"https:\/\/api.w.org\/{rel}","templated":true}]}}